{"id":1065,"date":"2020-12-14T16:19:50","date_gmt":"2020-12-14T07:19:50","guid":{"rendered":"https:\/\/live-lesson.jp\/?page_id=1065"},"modified":"2022-09-04T22:18:12","modified_gmt":"2022-09-04T13:18:12","slug":"curso-de-ingles-online","status":"publish","type":"page","link":"https:\/\/live-lesson.jp\/en\/curso-de-ingles-online\/","title":{"rendered":"English Online Course"},"content":{"rendered":"<div data-elementor-type=\"wp-page\" data-elementor-id=\"1065\" class=\"elementor elementor-1065\">\n\t\t\t\t\t\t<section class=\"elementor-section elementor-top-section elementor-element elementor-element-6ff2ff7 elementor-section-boxed elementor-section-height-default elementor-section-height-default\" data-id=\"6ff2ff7\" data-element_type=\"section\" data-e-type=\"section\" data-settings=\"{&quot;background_background&quot;:&quot;classic&quot;}\">\n\t\t\t\t\t\t\t<div class=\"elementor-background-overlay\"><\/div>\n\t\t\t\t\t\t\t<div class=\"elementor-container elementor-column-gap-no\">\n\t\t\t\t\t<div class=\"elementor-column elementor-col-100 elementor-top-column elementor-element elementor-element-f7ad1cb\" data-id=\"f7ad1cb\" data-element_type=\"column\" data-e-type=\"column\">\n\t\t\t<div class=\"elementor-widget-wrap elementor-element-populated\">\n\t\t\t\t\t\t<div class=\"elementor-element elementor-element-bee4950 elementor-widget elementor-widget-heading\" data-id=\"bee4950\" data-element_type=\"widget\" data-e-type=\"widget\" data-widget_type=\"heading.default\">\n\t\t\t\t<div class=\"elementor-widget-container\">\n\t\t\t\t\t<h1 class=\"elementor-heading-title elementor-size-default\">English Online Course<\/h1>\t\t\t\t<\/div>\n\t\t\t\t<\/div>\n\t\t\t\t\t<\/div>\n\t\t<\/div>\n\t\t\t\t\t<\/div>\n\t\t<\/section>\n\t\t\t\t<section class=\"elementor-section elementor-top-section elementor-element elementor-element-740b4a2 elementor-section-boxed elementor-section-height-default elementor-section-height-default\" data-id=\"740b4a2\" data-element_type=\"section\" data-e-type=\"section\" data-settings=\"{&quot;background_background&quot;:&quot;slideshow&quot;,&quot;background_slideshow_gallery&quot;:[],&quot;background_slideshow_loop&quot;:&quot;yes&quot;,&quot;background_slideshow_slide_duration&quot;:5000,&quot;background_slideshow_slide_transition&quot;:&quot;fade&quot;,&quot;background_slideshow_transition_duration&quot;:500}\">\n\t\t\t\t\t\t<div class=\"elementor-container elementor-column-gap-default\">\n\t\t\t\t\t<div class=\"elementor-column elementor-col-100 elementor-top-column elementor-element elementor-element-b70e6f3\" data-id=\"b70e6f3\" data-element_type=\"column\" data-e-type=\"column\">\n\t\t\t<div class=\"elementor-widget-wrap elementor-element-populated\">\n\t\t\t\t\t\t<div class=\"elementor-element elementor-element-91b74ea elementor-widget elementor-widget-heading\" data-id=\"91b74ea\" data-element_type=\"widget\" data-e-type=\"widget\" data-widget_type=\"heading.default\">\n\t\t\t\t<div class=\"elementor-widget-container\">\n\t\t\t\t\t<h4 class=\"elementor-heading-title elementor-size-default\">Online English Course - Personalized live tutoring. See how quick and easy it is to learn English with trained and experienced teachers.<span style=\"font-size: 2.46667rem;font-weight: 600\"><\/span><br><\/h4>\t\t\t\t<\/div>\n\t\t\t\t<\/div>\n\t\t\t\t\t<\/div>\n\t\t<\/div>\n\t\t\t\t\t<\/div>\n\t\t<\/section>\n\t\t\t\t<section class=\"elementor-section elementor-top-section elementor-element elementor-element-febde4e elementor-section-boxed elementor-section-height-default elementor-section-height-default\" data-id=\"febde4e\" data-element_type=\"section\" data-e-type=\"section\">\n\t\t\t\t\t\t<div class=\"elementor-container elementor-column-gap-default\">\n\t\t\t\t\t<div class=\"elementor-column elementor-col-100 elementor-top-column elementor-element elementor-element-e6765e4\" data-id=\"e6765e4\" data-element_type=\"column\" data-e-type=\"column\">\n\t\t\t<div class=\"elementor-widget-wrap elementor-element-populated\">\n\t\t\t\t\t\t<section class=\"elementor-section elementor-inner-section elementor-element elementor-element-4cc03b2 elementor-section-boxed elementor-section-height-default elementor-section-height-default\" data-id=\"4cc03b2\" data-element_type=\"section\" data-e-type=\"section\" data-settings=\"{&quot;background_background&quot;:&quot;classic&quot;}\">\n\t\t\t\t\t\t\t<div class=\"elementor-background-overlay\"><\/div>\n\t\t\t\t\t\t\t<div class=\"elementor-container elementor-column-gap-default\">\n\t\t\t\t\t<div class=\"elementor-column elementor-col-50 elementor-inner-column elementor-element elementor-element-3f53832\" data-id=\"3f53832\" data-element_type=\"column\" data-e-type=\"column\" data-settings=\"{&quot;background_background&quot;:&quot;classic&quot;}\">\n\t\t\t<div class=\"elementor-widget-wrap elementor-element-populated\">\n\t\t\t\t\t\t<div class=\"elementor-element elementor-element-19c51cd elementor-align-center elementor-mobile-align-left elementor-tablet-align-left elementor-widget elementor-widget-button\" data-id=\"19c51cd\" data-element_type=\"widget\" data-e-type=\"widget\" data-widget_type=\"button.default\">\n\t\t\t\t<div class=\"elementor-widget-container\">\n\t\t\t\t\t\t\t\t\t<div class=\"elementor-button-wrapper\">\n\t\t\t\t\t<a class=\"elementor-button elementor-button-link elementor-size-sm\" href=\"\/en\/aula-experimental\/\">\n\t\t\t\t\t\t<span class=\"elementor-button-content-wrapper\">\n\t\t\t\t\t\t\t\t\t<span class=\"elementor-button-text\">Take me to Trial Class<\/span>\n\t\t\t\t\t<\/span>\n\t\t\t\t\t<\/a>\n\t\t\t\t<\/div>\n\t\t\t\t\t\t\t\t<\/div>\n\t\t\t\t<\/div>\n\t\t\t\t<div class=\"elementor-element elementor-element-5057cae elementor-widget elementor-widget-shortcode\" data-id=\"5057cae\" data-element_type=\"widget\" data-e-type=\"widget\" data-widget_type=\"shortcode.default\">\n\t\t\t\t<div class=\"elementor-widget-container\">\n\t\t\t\t\t\t\t<div class=\"elementor-shortcode\">Que tal fazer uma aula experimental por apenas \u00a5 1,000 ienes\u00a0( aprox. U$ 6 d\u00f3lares).\u00a0<\/div>\n\t\t\t\t\t\t<\/div>\n\t\t\t\t<\/div>\n\t\t\t\t\t<\/div>\n\t\t<\/div>\n\t\t\t\t<div class=\"elementor-column elementor-col-50 elementor-inner-column elementor-element elementor-element-baf6a9e\" data-id=\"baf6a9e\" data-element_type=\"column\" data-e-type=\"column\">\n\t\t\t<div class=\"elementor-widget-wrap elementor-element-populated\">\n\t\t\t\t\t\t<div class=\"elementor-element elementor-element-4a00434 elementor-widget elementor-widget-heading\" data-id=\"4a00434\" data-element_type=\"widget\" data-e-type=\"widget\" data-widget_type=\"heading.default\">\n\t\t\t\t<div class=\"elementor-widget-container\">\n\t\t\t\t\t<h6 class=\"elementor-heading-title elementor-size-default\"><a href=\"\/en\/matricula\/\">Get 2 free lessons when you sign up without taking the trial lesson<\/a><\/h6>\t\t\t\t<\/div>\n\t\t\t\t<\/div>\n\t\t\t\t<div class=\"elementor-element elementor-element-70f4a70 elementor-align-center elementor-mobile-align-left elementor-tablet-align-left elementor-widget elementor-widget-button\" data-id=\"70f4a70\" data-element_type=\"widget\" data-e-type=\"widget\" data-widget_type=\"button.default\">\n\t\t\t\t<div class=\"elementor-widget-container\">\n\t\t\t\t\t\t\t\t\t<div class=\"elementor-button-wrapper\">\n\t\t\t\t\t<a class=\"elementor-button elementor-button-link elementor-size-sm\" href=\"\/en\/matricula\/\">\n\t\t\t\t\t\t<span class=\"elementor-button-content-wrapper\">\n\t\t\t\t\t\t\t\t\t<span class=\"elementor-button-text\">I want to enroll right away<\/span>\n\t\t\t\t\t<\/span>\n\t\t\t\t\t<\/a>\n\t\t\t\t<\/div>\n\t\t\t\t\t\t\t\t<\/div>\n\t\t\t\t<\/div>\n\t\t\t\t\t<\/div>\n\t\t<\/div>\n\t\t\t\t\t<\/div>\n\t\t<\/section>\n\t\t\t\t\t<\/div>\n\t\t<\/div>\n\t\t\t\t\t<\/div>\n\t\t<\/section>\n\t\t\t\t<section class=\"elementor-section elementor-top-section elementor-element elementor-element-1ed0aaa elementor-section-boxed elementor-section-height-default elementor-section-height-default\" data-id=\"1ed0aaa\" data-element_type=\"section\" data-e-type=\"section\">\n\t\t\t\t\t\t<div class=\"elementor-container elementor-column-gap-default\">\n\t\t\t\t\t<div class=\"elementor-column elementor-col-100 elementor-top-column elementor-element elementor-element-f0d7761\" data-id=\"f0d7761\" data-element_type=\"column\" data-e-type=\"column\">\n\t\t\t<div class=\"elementor-widget-wrap elementor-element-populated\">\n\t\t\t\t\t\t<div class=\"elementor-element elementor-element-ece9884 elementor-widget elementor-widget-text-editor\" data-id=\"ece9884\" data-element_type=\"widget\" data-e-type=\"widget\" data-widget_type=\"text-editor.default\">\n\t\t\t\t<div class=\"elementor-widget-container\">\n\t\t\t\t\t\t\t\t\t<h4><span style=\"color: #ff0000;\">See the slide below for excerpts from some personalized lessons.\u00a0<\/span><\/h4>\t\t\t\t\t\t\t\t<\/div>\n\t\t\t\t<\/div>\n\t\t\t\t\t<\/div>\n\t\t<\/div>\n\t\t\t\t\t<\/div>\n\t\t<\/section>\n\t\t\t\t<section class=\"elementor-section elementor-top-section elementor-element elementor-element-f873186 elementor-section-content-middle elementor-section-boxed elementor-section-height-default elementor-section-height-default\" data-id=\"f873186\" data-element_type=\"section\" data-e-type=\"section\" data-settings=\"{&quot;background_background&quot;:&quot;gradient&quot;}\">\n\t\t\t\t\t\t<div class=\"elementor-container elementor-column-gap-no\">\n\t\t\t\t\t<div class=\"elementor-column elementor-col-100 elementor-top-column elementor-element elementor-element-1e8e919\" data-id=\"1e8e919\" data-element_type=\"column\" data-e-type=\"column\">\n\t\t\t<div class=\"elementor-widget-wrap elementor-element-populated\">\n\t\t\t\t\t\t<div class=\"elementor-element elementor-element-da54622 elementor-widget-divider--separator-type-pattern elementor-widget-divider--view-line elementor-widget elementor-widget-divider\" data-id=\"da54622\" data-element_type=\"widget\" data-e-type=\"widget\" data-widget_type=\"divider.default\">\n\t\t\t\t<div class=\"elementor-widget-container\">\n\t\t\t\t\t\t\t<div class=\"elementor-divider\" style=\"--divider-pattern-url: url(&quot;data:image\/svg+xml,%3Csvg xmlns=&#039;http:\/\/www.w3.org\/2000\/svg&#039; preserveAspectRatio=&#039;none&#039; overflow=&#039;visible&#039; height=&#039;100%&#039; viewBox=&#039;0 0 24 24&#039; fill=&#039;black&#039; stroke=&#039;none&#039;%3E%3Cpolygon points=&#039;9.4,2 24,2 14.6,21.6 0,21.6&#039;\/%3E%3C\/svg%3E&quot;);\">\n\t\t\t<span class=\"elementor-divider-separator\">\n\t\t\t\t\t\t<\/span>\n\t\t<\/div>\n\t\t\t\t\t\t<\/div>\n\t\t\t\t<\/div>\n\t\t\t\t<div class=\"elementor-element elementor-element-cf39eb3 elementor-widget elementor-widget-text-editor\" data-id=\"cf39eb3\" data-element_type=\"widget\" data-e-type=\"widget\" data-widget_type=\"text-editor.default\">\n\t\t\t\t<div class=\"elementor-widget-container\">\n\t\t\t\t\t\t\t\t\t<h5>\u00a0<\/h5><h4>English courses online<\/h4><div><h4>Try it and see the difference<\/h4><ul><li>Live classes with highly qualified teachers (who speak Portuguese);<\/li><li>Personalized teaching according to each student's needs;<\/li><li>Efficient methodology with results in a short time;<\/li><li>One-to-one lessons: don't be afraid to make mistakes or ask questions in front of other students;<\/li><li>You choose the time of your lessons. All very easy, with just a few clicks;<\/li><li>Classes in the morning, afternoon and evening (including holidays);<\/li><li>The student chooses the day and time of the lessons. They can do it at alternate times (e.g. one week in the morning and the next in the evening);<\/li><\/ul><p>It is therefore considered a face-to-face course.<\/p><h4><span style=\"text-decoration: underline;\">Overview<\/span><\/h4><p style=\"font-variant-numeric: inherit; font-variant-east-asian: inherit; font-stretch: inherit; line-height: 24px; font-family: Lato, sans-serif; font-size: 16px; font-style: normal; font-weight: 400; margin-bottom: 15px; color: #666666;\" align=\"justify\">- All levels: basic to advanced<\/p><p style=\"font-variant-numeric: inherit; font-variant-east-asian: inherit; font-stretch: inherit; line-height: 24px; font-family: Lato, sans-serif; font-size: 16px; font-style: normal; font-weight: 400; margin-bottom: 15px; color: #666666;\">- English for travel<\/p><p style=\"font-variant-numeric: inherit; font-variant-east-asian: inherit; font-stretch: inherit; line-height: 24px; font-family: Lato, sans-serif; font-size: 16px; font-style: normal; font-weight: 400; margin-bottom: 15px; color: #666666;\">- Business English<\/p><p style=\"font-variant-numeric: inherit; font-variant-east-asian: inherit; font-stretch: inherit; line-height: 24px; font-family: Lato, sans-serif; font-size: 16px; font-style: normal; font-weight: 400; margin-bottom: 15px; color: #666666;\">- TOEIC, TOEFL (Proficiency)<\/p><p style=\"font-variant-numeric: inherit; font-variant-east-asian: inherit; font-stretch: inherit; line-height: 24px; font-family: Lato, sans-serif; font-size: 16px; font-style: normal; font-weight: 400; margin-bottom: 15px; color: #666666;\">- Teacher Training Course<\/p><p style=\"font-variant-numeric: inherit; font-variant-east-asian: inherit; font-stretch: inherit; line-height: 24px; font-family: Lato, sans-serif; font-size: 16px; font-style: normal; font-weight: 400; margin-bottom: 15px; color: #666666;\">- Specialization course for Translator and\/or Interpreter.<\/p><p style=\"font-variant-numeric: inherit; font-variant-east-asian: inherit; font-stretch: inherit; line-height: 24px; font-family: Lato, sans-serif; font-size: 16px; font-style: normal; font-weight: 400; margin-bottom: 15px; color: #666666;\">Make an assessment during the class to find out which course is right for you.<\/p><p style=\"font-variant-numeric: inherit; font-variant-east-asian: inherit; font-stretch: inherit; line-height: 24px; font-family: Lato, sans-serif; font-size: 16px; font-style: normal; font-weight: 400; margin-bottom: 15px; color: #666666;\">\u00a0<span style=\"font-size: 16px; font-style: normal; font-weight: 400; background-color: transparent;\">\u00a0<\/span><\/p><p style=\"font-variant-numeric: inherit; font-variant-east-asian: inherit; font-stretch: inherit; line-height: 24px; font-family: Lato, sans-serif; font-size: 16px; font-style: normal; font-weight: 400; margin-bottom: 15px; color: #666666;\"><strong style=\"font-variant: inherit; font-stretch: inherit; line-height: inherit; font-family: inherit; font-size: 16px;\"><span style=\"font-variant: inherit; font-stretch: inherit; line-height: inherit; font-family: inherit; font-size: 16px; text-decoration-line: underline;\">Basic to Intermediate<\/span><\/strong><\/p><p style=\"font-variant-numeric: inherit; font-variant-east-asian: inherit; font-stretch: inherit; line-height: 24px; font-family: Lato, sans-serif; font-size: 16px; font-style: normal; font-weight: 400; margin-bottom: 15px; color: #666666;\">Levels:\u00a0<strong style=\"font-variant: inherit; font-stretch: inherit; line-height: inherit; font-family: inherit; font-size: 16px;\">3 books<\/strong><\/p><p style=\"font-variant-numeric: inherit; font-variant-east-asian: inherit; font-stretch: inherit; line-height: 24px; font-family: Lato, sans-serif; font-size: 16px; font-style: normal; font-weight: 400; margin-bottom: 15px; color: #666666;\">Average duration of each level =&gt;\u00a0<strong style=\"font-variant: inherit; font-stretch: inherit; line-height: inherit; font-family: inherit; font-size: 16px;\">6 months\u00a0<\/strong>*<\/p><p style=\"font-variant-numeric: inherit; font-variant-east-asian: inherit; font-stretch: inherit; line-height: 24px; font-family: Lato, sans-serif; font-size: 16px; font-style: normal; font-weight: 400; margin-bottom: 15px; color: #666666;\">* duration based on the Flex 8 VIP or Family Plan (<strong style=\"font-variant: inherit; font-stretch: inherit; line-height: inherit; font-family: inherit; font-size: 16px;\">8<\/strong>\u00a0individual lessons \/ month )<\/p><p style=\"font-variant-numeric: inherit; font-variant-east-asian: inherit; font-stretch: inherit; line-height: 24px; font-family: Lato, sans-serif; font-size: 16px; font-style: normal; font-weight: 400; margin-bottom: 15px; color: #666666;\">Note: It may take less time depending on the student's performance and the number of lessons, as the lessons are personalized and go at the student's pace.<\/p><p style=\"font-variant-numeric: inherit; font-variant-east-asian: inherit; font-stretch: inherit; line-height: 24px; font-family: Lato, sans-serif; font-size: 16px; font-style: normal; font-weight: 400; margin-bottom: 15px; color: #666666;\">Duration of each lesson = 55 min<\/p><p style=\"font-variant-numeric: inherit; font-variant-east-asian: inherit; font-stretch: inherit; line-height: 24px; font-family: Lato, sans-serif; font-size: 16px; font-style: normal; font-weight: 400; margin-bottom: 15px; color: #666666;\"><strong style=\"font-variant: inherit; font-stretch: inherit; line-height: inherit; font-family: inherit; font-size: 16px;\"><span style=\"font-variant: inherit; font-stretch: inherit; line-height: inherit; font-family: inherit; font-size: 16px; text-decoration-line: underline;\">Advanced<\/span><\/strong><\/p><p style=\"font-variant-numeric: inherit; font-variant-east-asian: inherit; font-stretch: inherit; line-height: 24px; font-family: Lato, sans-serif; font-size: 16px; font-style: normal; font-weight: 400; margin-bottom: 15px; color: #666666;\">- TOEFL or TOEIC Proficiency Test preparation course (recognized and accepted worldwide).<\/p><p style=\"font-variant-numeric: inherit; font-variant-east-asian: inherit; font-stretch: inherit; line-height: 24px; font-family: Lato, sans-serif; font-size: 16px; font-style: normal; font-weight: 400; margin-bottom: 15px; color: #666666;\">- Specialization course for Translator and\/or Interpreter.<\/p><p style=\"font-variant-numeric: inherit; font-variant-east-asian: inherit; font-stretch: inherit; line-height: 24px; font-family: Lato, sans-serif; font-size: 16px; font-style: normal; font-weight: 400; margin-bottom: 15px; color: #666666;\">- Other complementary or specific courses (consult us).<\/p><p style=\"font-variant-numeric: inherit; font-variant-east-asian: inherit; font-stretch: inherit; line-height: 24px; font-family: Lato, sans-serif; font-size: 16px; font-style: normal; font-weight: 400; margin-bottom: 15px; color: #666666;\">Duration: varies according to the student's performance.<\/p><p style=\"font-variant-numeric: inherit; font-variant-east-asian: inherit; font-stretch: inherit; line-height: 24px; font-family: Lato, sans-serif; font-size: 16px; font-style: normal; font-weight: 400; margin-bottom: 15px; color: #666666;\"><strong style=\"font-variant: inherit; font-stretch: inherit; line-height: inherit; font-family: inherit; font-size: 16px;\"><span style=\"font-variant: inherit; font-stretch: inherit; line-height: inherit; font-family: inherit; font-size: 16px; text-decoration-line: underline;\">Teacher Training Course<\/span><\/strong><\/p><p style=\"font-variant-numeric: inherit; font-variant-east-asian: inherit; font-stretch: inherit; line-height: 24px; font-family: Lato, sans-serif; font-size: 16px; font-style: normal; font-weight: 400; margin-bottom: 15px; color: #666666;\"><strong style=\"font-variant: inherit; font-stretch: inherit; line-height: inherit; font-family: inherit; font-size: 16px;\">English teacher training course<\/strong><\/p><p style=\"font-variant-numeric: inherit; font-variant-east-asian: inherit; font-stretch: inherit; line-height: 24px; font-family: Lato, sans-serif; font-size: 16px; font-style: normal; font-weight: 400; margin-bottom: 15px; color: #666666;\">Duration =&gt; varies according to the student's performance.<\/p><p style=\"font-variant-numeric: inherit; font-variant-east-asian: inherit; font-stretch: inherit; line-height: 24px; font-family: Lato, sans-serif; font-size: 16px; font-style: normal; font-weight: 400; margin-bottom: 15px; color: #666666;\">Duration of each lesson = 55 min<br \/>Prerequisite:<\/p><p style=\"font-variant-numeric: inherit; font-variant-east-asian: inherit; font-stretch: inherit; line-height: 24px; font-family: Lato, sans-serif; font-size: 16px; font-style: normal; font-weight: 400; margin-bottom: 15px; color: #666666;\">Advanced level of English<\/p><\/div>\t\t\t\t\t\t\t\t<\/div>\n\t\t\t\t<\/div>\n\t\t\t\t<div class=\"elementor-element elementor-element-622e286 elementor-widget elementor-widget-heading\" data-id=\"622e286\" data-element_type=\"widget\" data-e-type=\"widget\" data-widget_type=\"heading.default\">\n\t\t\t\t<div class=\"elementor-widget-container\">\n\t\t\t\t\t<h6 class=\"elementor-heading-title elementor-size-default\"><p><strong>Minimum requirements:<\/strong><\/p><p>- Internet connection fast enough to watch a movie online without freezing.<\/p><p>- Computer with microphone (webcam recommended), Tablet or Smartphone (with large screen)<\/p><p>- Headset or earphones (recommended)<\/p><\/h6>\t\t\t\t<\/div>\n\t\t\t\t<\/div>\n\t\t\t\t\t<\/div>\n\t\t<\/div>\n\t\t\t\t\t<\/div>\n\t\t<\/section>\n\t\t\t\t<section class=\"elementor-section elementor-top-section elementor-element elementor-element-40925d7 elementor-section-boxed elementor-section-height-default elementor-section-height-default\" data-id=\"40925d7\" data-element_type=\"section\" data-e-type=\"section\">\n\t\t\t\t\t\t<div class=\"elementor-container elementor-column-gap-default\">\n\t\t\t\t\t<div class=\"elementor-column elementor-col-100 elementor-top-column elementor-element elementor-element-88b25da\" data-id=\"88b25da\" data-element_type=\"column\" data-e-type=\"column\">\n\t\t\t<div class=\"elementor-widget-wrap elementor-element-populated\">\n\t\t\t\t\t\t<section class=\"elementor-section elementor-inner-section elementor-element elementor-element-8ddaadb elementor-section-boxed elementor-section-height-default elementor-section-height-default\" data-id=\"8ddaadb\" data-element_type=\"section\" data-e-type=\"section\" data-settings=\"{&quot;background_background&quot;:&quot;classic&quot;}\">\n\t\t\t\t\t\t\t<div class=\"elementor-background-overlay\"><\/div>\n\t\t\t\t\t\t\t<div class=\"elementor-container elementor-column-gap-default\">\n\t\t\t\t\t<div class=\"elementor-column elementor-col-50 elementor-inner-column elementor-element elementor-element-b1cd8ac\" data-id=\"b1cd8ac\" data-element_type=\"column\" data-e-type=\"column\" data-settings=\"{&quot;background_background&quot;:&quot;classic&quot;}\">\n\t\t\t<div class=\"elementor-widget-wrap elementor-element-populated\">\n\t\t\t\t\t\t<div class=\"elementor-element elementor-element-32f9e01 elementor-align-center elementor-mobile-align-left elementor-tablet-align-left elementor-widget elementor-widget-button\" data-id=\"32f9e01\" data-element_type=\"widget\" data-e-type=\"widget\" data-widget_type=\"button.default\">\n\t\t\t\t<div class=\"elementor-widget-container\">\n\t\t\t\t\t\t\t\t\t<div class=\"elementor-button-wrapper\">\n\t\t\t\t\t<a class=\"elementor-button elementor-button-link elementor-size-sm\" href=\"\/en\/aula-experimental\/\">\n\t\t\t\t\t\t<span class=\"elementor-button-content-wrapper\">\n\t\t\t\t\t\t\t\t\t<span class=\"elementor-button-text\">Take me to Trial Class<\/span>\n\t\t\t\t\t<\/span>\n\t\t\t\t\t<\/a>\n\t\t\t\t<\/div>\n\t\t\t\t\t\t\t\t<\/div>\n\t\t\t\t<\/div>\n\t\t\t\t<div class=\"elementor-element elementor-element-65cc05c elementor-widget elementor-widget-shortcode\" data-id=\"65cc05c\" data-element_type=\"widget\" data-e-type=\"widget\" data-widget_type=\"shortcode.default\">\n\t\t\t\t<div class=\"elementor-widget-container\">\n\t\t\t\t\t\t\t<div class=\"elementor-shortcode\">Que tal fazer uma aula experimental por apenas \u00a5 1,000 ienes\u00a0( aprox. U$ 6 d\u00f3lares).\u00a0<\/div>\n\t\t\t\t\t\t<\/div>\n\t\t\t\t<\/div>\n\t\t\t\t\t<\/div>\n\t\t<\/div>\n\t\t\t\t<div class=\"elementor-column elementor-col-50 elementor-inner-column elementor-element elementor-element-b5956dc\" data-id=\"b5956dc\" data-element_type=\"column\" data-e-type=\"column\">\n\t\t\t<div class=\"elementor-widget-wrap elementor-element-populated\">\n\t\t\t\t\t\t<div class=\"elementor-element elementor-element-afd422f elementor-widget elementor-widget-heading\" data-id=\"afd422f\" data-element_type=\"widget\" data-e-type=\"widget\" data-widget_type=\"heading.default\">\n\t\t\t\t<div class=\"elementor-widget-container\">\n\t\t\t\t\t<h6 class=\"elementor-heading-title elementor-size-default\"><a href=\"\/en\/matricula\/\">Get 2 free lessons when you sign up without taking the trial lesson<\/a><\/h6>\t\t\t\t<\/div>\n\t\t\t\t<\/div>\n\t\t\t\t<div class=\"elementor-element elementor-element-bc8e4b4 elementor-align-center elementor-mobile-align-left elementor-tablet-align-left elementor-widget elementor-widget-button\" data-id=\"bc8e4b4\" data-element_type=\"widget\" data-e-type=\"widget\" data-widget_type=\"button.default\">\n\t\t\t\t<div class=\"elementor-widget-container\">\n\t\t\t\t\t\t\t\t\t<div class=\"elementor-button-wrapper\">\n\t\t\t\t\t<a class=\"elementor-button elementor-button-link elementor-size-sm\" href=\"\/en\/matricula\/\">\n\t\t\t\t\t\t<span class=\"elementor-button-content-wrapper\">\n\t\t\t\t\t\t\t\t\t<span class=\"elementor-button-text\">I want to enroll right away<\/span>\n\t\t\t\t\t<\/span>\n\t\t\t\t\t<\/a>\n\t\t\t\t<\/div>\n\t\t\t\t\t\t\t\t<\/div>\n\t\t\t\t<\/div>\n\t\t\t\t\t<\/div>\n\t\t<\/div>\n\t\t\t\t\t<\/div>\n\t\t<\/section>\n\t\t\t\t\t<\/div>\n\t\t<\/div>\n\t\t\t\t\t<\/div>\n\t\t<\/section>\n\t\t\t\t<\/div>","protected":false},"excerpt":{"rendered":"<p>Curso de Ingl\u00eas Online Curso de Ingl\u00eas Online &#8211; Aula particular ao vivo personalizada. Veja como \u00e9 f\u00e1cil e r\u00e1pido aprender Ingl\u00eas com professores capacitados e experientes. Experimentar Que tal fazer uma aula experimental por apenas \u00a5 1,000 ienes\u00a0( aprox. U$ d\u00f3lares).\u00a0 Ganhe 2 aulas brinde ao se matricular sem experimentar Quero me matricular Veja &hellip;<\/p>\n<p class=\"read-more\"> <a class=\"\" href=\"https:\/\/live-lesson.jp\/en\/curso-de-ingles-online\/\"> <span class=\"screen-reader-text\">English Online Course<\/span> Read More &raquo;<\/a><\/p>","protected":false},"author":1,"featured_media":0,"parent":0,"menu_order":0,"comment_status":"closed","ping_status":"closed","template":"","meta":{"site-sidebar-layout":"no-sidebar","site-content-layout":"page-builder","ast-global-header-display":"","ast-main-header-display":"","ast-hfb-above-header-display":"","ast-hfb-below-header-display":"","ast-hfb-mobile-header-display":"","site-post-title":"disabled","ast-breadcrumbs-content":"disabled","ast-featured-img":"disabled","footer-sml-layout":"","theme-transparent-header-meta":"enabled","adv-header-id-meta":"","stick-header-meta":"","header-above-stick-meta":"","header-main-stick-meta":"","header-below-stick-meta":"","footnotes":""},"class_list":["post-1065","page","type-page","status-publish","hentry"],"_links":{"self":[{"href":"https:\/\/live-lesson.jp\/en\/wp-json\/wp\/v2\/pages\/1065","targetHints":{"allow":["GET"]}}],"collection":[{"href":"https:\/\/live-lesson.jp\/en\/wp-json\/wp\/v2\/pages"}],"about":[{"href":"https:\/\/live-lesson.jp\/en\/wp-json\/wp\/v2\/types\/page"}],"author":[{"embeddable":true,"href":"https:\/\/live-lesson.jp\/en\/wp-json\/wp\/v2\/users\/1"}],"replies":[{"embeddable":true,"href":"https:\/\/live-lesson.jp\/en\/wp-json\/wp\/v2\/comments?post=1065"}],"version-history":[{"count":28,"href":"https:\/\/live-lesson.jp\/en\/wp-json\/wp\/v2\/pages\/1065\/revisions"}],"predecessor-version":[{"id":2046,"href":"https:\/\/live-lesson.jp\/en\/wp-json\/wp\/v2\/pages\/1065\/revisions\/2046"}],"wp:attachment":[{"href":"https:\/\/live-lesson.jp\/en\/wp-json\/wp\/v2\/media?parent=1065"}],"curies":[{"name":"wp","href":"https:\/\/api.w.org\/{rel}","templated":true}]}}