{"id":1108,"date":"2020-12-14T20:32:39","date_gmt":"2020-12-14T11:32:39","guid":{"rendered":"https:\/\/live-lesson.jp\/?page_id=1108"},"modified":"2022-09-04T22:21:09","modified_gmt":"2022-09-04T13:21:09","slug":"curso-de-portugues-online","status":"publish","type":"page","link":"https:\/\/live-lesson.jp\/en\/curso-de-portugues-online\/","title":{"rendered":"Portuguese Online Course"},"content":{"rendered":"<div data-elementor-type=\"wp-page\" data-elementor-id=\"1108\" class=\"elementor elementor-1108\">\n\t\t\t\t\t\t<section class=\"elementor-section elementor-top-section elementor-element elementor-element-6ff2ff7 elementor-section-boxed elementor-section-height-default elementor-section-height-default\" data-id=\"6ff2ff7\" data-element_type=\"section\" data-e-type=\"section\" data-settings=\"{&quot;background_background&quot;:&quot;classic&quot;}\">\n\t\t\t\t\t\t\t<div class=\"elementor-background-overlay\"><\/div>\n\t\t\t\t\t\t\t<div class=\"elementor-container elementor-column-gap-no\">\n\t\t\t\t\t<div class=\"elementor-column elementor-col-100 elementor-top-column elementor-element elementor-element-f7ad1cb\" data-id=\"f7ad1cb\" data-element_type=\"column\" data-e-type=\"column\">\n\t\t\t<div class=\"elementor-widget-wrap elementor-element-populated\">\n\t\t\t\t\t\t<div class=\"elementor-element elementor-element-bee4950 elementor-widget elementor-widget-heading\" data-id=\"bee4950\" data-element_type=\"widget\" data-e-type=\"widget\" data-widget_type=\"heading.default\">\n\t\t\t\t<div class=\"elementor-widget-container\">\n\t\t\t\t\t<h3 class=\"elementor-heading-title elementor-size-default\">Online Portuguese course for non-native speakers<\/h3>\t\t\t\t<\/div>\n\t\t\t\t<\/div>\n\t\t\t\t\t<\/div>\n\t\t<\/div>\n\t\t\t\t\t<\/div>\n\t\t<\/section>\n\t\t\t\t<section class=\"elementor-section elementor-top-section elementor-element elementor-element-740b4a2 elementor-section-boxed elementor-section-height-default elementor-section-height-default\" data-id=\"740b4a2\" data-element_type=\"section\" data-e-type=\"section\" data-settings=\"{&quot;background_background&quot;:&quot;slideshow&quot;,&quot;background_slideshow_gallery&quot;:[],&quot;background_slideshow_loop&quot;:&quot;yes&quot;,&quot;background_slideshow_slide_duration&quot;:5000,&quot;background_slideshow_slide_transition&quot;:&quot;fade&quot;,&quot;background_slideshow_transition_duration&quot;:500}\">\n\t\t\t\t\t\t<div class=\"elementor-container elementor-column-gap-default\">\n\t\t\t\t\t<div class=\"elementor-column elementor-col-100 elementor-top-column elementor-element elementor-element-b70e6f3\" data-id=\"b70e6f3\" data-element_type=\"column\" data-e-type=\"column\">\n\t\t\t<div class=\"elementor-widget-wrap elementor-element-populated\">\n\t\t\t\t\t\t<div class=\"elementor-element elementor-element-91b74ea elementor-widget elementor-widget-heading\" data-id=\"91b74ea\" data-element_type=\"widget\" data-e-type=\"widget\" data-widget_type=\"heading.default\">\n\t\t\t\t<div class=\"elementor-widget-container\">\n\t\t\t\t\t<h4 class=\"elementor-heading-title elementor-size-default\">Online Portuguese course for non-native speakers - Personalized live tutoring. Trained and experienced trilingual teachers ready to teach Portuguese to English or Japanese speakers.<br><\/h4>\t\t\t\t<\/div>\n\t\t\t\t<\/div>\n\t\t\t\t\t<\/div>\n\t\t<\/div>\n\t\t\t\t\t<\/div>\n\t\t<\/section>\n\t\t\t\t<section class=\"elementor-section elementor-top-section elementor-element elementor-element-f0e14f3 elementor-section-boxed elementor-section-height-default elementor-section-height-default\" data-id=\"f0e14f3\" data-element_type=\"section\" data-e-type=\"section\">\n\t\t\t\t\t\t<div class=\"elementor-container elementor-column-gap-default\">\n\t\t\t\t\t<div class=\"elementor-column elementor-col-100 elementor-top-column elementor-element elementor-element-5577ec7\" data-id=\"5577ec7\" data-element_type=\"column\" data-e-type=\"column\">\n\t\t\t<div class=\"elementor-widget-wrap elementor-element-populated\">\n\t\t\t\t\t\t<section class=\"elementor-section elementor-inner-section elementor-element elementor-element-8319f2a elementor-section-boxed elementor-section-height-default elementor-section-height-default\" data-id=\"8319f2a\" data-element_type=\"section\" data-e-type=\"section\" data-settings=\"{&quot;background_background&quot;:&quot;classic&quot;}\">\n\t\t\t\t\t\t\t<div class=\"elementor-background-overlay\"><\/div>\n\t\t\t\t\t\t\t<div class=\"elementor-container elementor-column-gap-default\">\n\t\t\t\t\t<div class=\"elementor-column elementor-col-50 elementor-inner-column elementor-element elementor-element-2bea785\" data-id=\"2bea785\" data-element_type=\"column\" data-e-type=\"column\" data-settings=\"{&quot;background_background&quot;:&quot;classic&quot;}\">\n\t\t\t<div class=\"elementor-widget-wrap elementor-element-populated\">\n\t\t\t\t\t\t<div class=\"elementor-element elementor-element-24db4d1 elementor-align-center elementor-mobile-align-left elementor-tablet-align-left elementor-widget elementor-widget-button\" data-id=\"24db4d1\" data-element_type=\"widget\" data-e-type=\"widget\" data-widget_type=\"button.default\">\n\t\t\t\t<div class=\"elementor-widget-container\">\n\t\t\t\t\t\t\t\t\t<div class=\"elementor-button-wrapper\">\n\t\t\t\t\t<a class=\"elementor-button elementor-button-link elementor-size-sm\" href=\"\/en\/aula-experimental\/\">\n\t\t\t\t\t\t<span class=\"elementor-button-content-wrapper\">\n\t\t\t\t\t\t\t\t\t<span class=\"elementor-button-text\">Take me to Trial Class<\/span>\n\t\t\t\t\t<\/span>\n\t\t\t\t\t<\/a>\n\t\t\t\t<\/div>\n\t\t\t\t\t\t\t\t<\/div>\n\t\t\t\t<\/div>\n\t\t\t\t<div class=\"elementor-element elementor-element-f7a22bf elementor-widget elementor-widget-shortcode\" data-id=\"f7a22bf\" data-element_type=\"widget\" data-e-type=\"widget\" data-widget_type=\"shortcode.default\">\n\t\t\t\t<div class=\"elementor-widget-container\">\n\t\t\t\t\t\t\t<div class=\"elementor-shortcode\">Que tal fazer uma aula experimental por apenas \u00a5 1,000 ienes\u00a0( aprox. U$ 6 d\u00f3lares).\u00a0<\/div>\n\t\t\t\t\t\t<\/div>\n\t\t\t\t<\/div>\n\t\t\t\t\t<\/div>\n\t\t<\/div>\n\t\t\t\t<div class=\"elementor-column elementor-col-50 elementor-inner-column elementor-element elementor-element-87215aa\" data-id=\"87215aa\" data-element_type=\"column\" data-e-type=\"column\">\n\t\t\t<div class=\"elementor-widget-wrap elementor-element-populated\">\n\t\t\t\t\t\t<div class=\"elementor-element elementor-element-0e97a0f elementor-widget elementor-widget-heading\" data-id=\"0e97a0f\" data-element_type=\"widget\" data-e-type=\"widget\" data-widget_type=\"heading.default\">\n\t\t\t\t<div class=\"elementor-widget-container\">\n\t\t\t\t\t<h6 class=\"elementor-heading-title elementor-size-default\"><a href=\"\/en\/matricula\/\">Get 2 free lessons when you sign up without taking the trial lesson<\/a><\/h6>\t\t\t\t<\/div>\n\t\t\t\t<\/div>\n\t\t\t\t<div class=\"elementor-element elementor-element-4e82958 elementor-align-center elementor-mobile-align-left elementor-tablet-align-left elementor-widget elementor-widget-button\" data-id=\"4e82958\" data-element_type=\"widget\" data-e-type=\"widget\" data-widget_type=\"button.default\">\n\t\t\t\t<div class=\"elementor-widget-container\">\n\t\t\t\t\t\t\t\t\t<div class=\"elementor-button-wrapper\">\n\t\t\t\t\t<a class=\"elementor-button elementor-button-link elementor-size-sm\" href=\"\/en\/matricula\/\">\n\t\t\t\t\t\t<span class=\"elementor-button-content-wrapper\">\n\t\t\t\t\t\t\t\t\t<span class=\"elementor-button-text\">I want to enroll right away<\/span>\n\t\t\t\t\t<\/span>\n\t\t\t\t\t<\/a>\n\t\t\t\t<\/div>\n\t\t\t\t\t\t\t\t<\/div>\n\t\t\t\t<\/div>\n\t\t\t\t\t<\/div>\n\t\t<\/div>\n\t\t\t\t\t<\/div>\n\t\t<\/section>\n\t\t\t\t\t<\/div>\n\t\t<\/div>\n\t\t\t\t\t<\/div>\n\t\t<\/section>\n\t\t\t\t<section class=\"elementor-section elementor-top-section elementor-element elementor-element-1ed0aaa elementor-section-boxed elementor-section-height-default elementor-section-height-default\" data-id=\"1ed0aaa\" data-element_type=\"section\" data-e-type=\"section\">\n\t\t\t\t\t\t<div class=\"elementor-container elementor-column-gap-default\">\n\t\t\t\t\t<div class=\"elementor-column elementor-col-100 elementor-top-column elementor-element elementor-element-f0d7761\" data-id=\"f0d7761\" data-element_type=\"column\" data-e-type=\"column\">\n\t\t\t<div class=\"elementor-widget-wrap elementor-element-populated\">\n\t\t\t\t\t\t<div class=\"elementor-element elementor-element-ece9884 elementor-widget elementor-widget-text-editor\" data-id=\"ece9884\" data-element_type=\"widget\" data-e-type=\"widget\" data-widget_type=\"text-editor.default\">\n\t\t\t\t<div class=\"elementor-widget-container\">\n\t\t\t\t\t\t\t\t\t<h5><span style=\"color: #ff0000;\">See the slide below for excerpts from some personalized lessons.\u00a0<\/span><\/h5>\t\t\t\t\t\t\t\t<\/div>\n\t\t\t\t<\/div>\n\t\t\t\t\t<\/div>\n\t\t<\/div>\n\t\t\t\t\t<\/div>\n\t\t<\/section>\n\t\t\t\t<section class=\"elementor-section elementor-top-section elementor-element elementor-element-f873186 elementor-section-content-middle elementor-section-boxed elementor-section-height-default elementor-section-height-default\" data-id=\"f873186\" data-element_type=\"section\" data-e-type=\"section\" data-settings=\"{&quot;background_background&quot;:&quot;gradient&quot;}\">\n\t\t\t\t\t\t<div class=\"elementor-container elementor-column-gap-no\">\n\t\t\t\t\t<div class=\"elementor-column elementor-col-100 elementor-top-column elementor-element elementor-element-1e8e919\" data-id=\"1e8e919\" data-element_type=\"column\" data-e-type=\"column\">\n\t\t\t<div class=\"elementor-widget-wrap elementor-element-populated\">\n\t\t\t\t\t\t<div class=\"elementor-element elementor-element-da54622 elementor-widget-divider--separator-type-pattern elementor-widget-divider--view-line elementor-widget elementor-widget-divider\" data-id=\"da54622\" data-element_type=\"widget\" data-e-type=\"widget\" data-widget_type=\"divider.default\">\n\t\t\t\t<div class=\"elementor-widget-container\">\n\t\t\t\t\t\t\t<div class=\"elementor-divider\" style=\"--divider-pattern-url: url(&quot;data:image\/svg+xml,%3Csvg xmlns=&#039;http:\/\/www.w3.org\/2000\/svg&#039; preserveAspectRatio=&#039;none&#039; overflow=&#039;visible&#039; height=&#039;100%&#039; viewBox=&#039;0 0 24 24&#039; fill=&#039;black&#039; stroke=&#039;none&#039;%3E%3Cpolygon points=&#039;9.4,2 24,2 14.6,21.6 0,21.6&#039;\/%3E%3C\/svg%3E&quot;);\">\n\t\t\t<span class=\"elementor-divider-separator\">\n\t\t\t\t\t\t<\/span>\n\t\t<\/div>\n\t\t\t\t\t\t<\/div>\n\t\t\t\t<\/div>\n\t\t\t\t<div class=\"elementor-element elementor-element-cf39eb3 elementor-widget elementor-widget-text-editor\" data-id=\"cf39eb3\" data-element_type=\"widget\" data-e-type=\"widget\" data-widget_type=\"text-editor.default\">\n\t\t\t\t<div class=\"elementor-widget-container\">\n\t\t\t\t\t\t\t\t\t<h2>Portuguese course for English or Japanese speakers, online<\/h2>\n<div>\n<h3>Try it and see the difference<\/h3>\n<ul>\n<li>Live classes with highly qualified teachers (Brazilians who speak English and Japanese);<\/li>\n<li>Personalized teaching according to each student's needs;<\/li>\n<li>Efficient methodology with results in a short time;<\/li>\n<li>One-to-one lessons: don't be afraid to make mistakes or ask questions in front of other students;<\/li>\n<li>You choose the time of your lessons. All very easy, with just a few clicks;<\/li>\n<li>Classes in the morning, afternoon and evening (including holidays);<\/li>\n<li>The student chooses the day and time of the lessons. They can do it at alternate times (e.g. one week in the morning and the next in the evening);<\/li>\n<\/ul>\n<p>It is therefore considered a face-to-face course.<\/p>\n<p style=\"font-variant-numeric: inherit; font-variant-east-asian: inherit; font-stretch: inherit; line-height: 24px; font-family: Lato, sans-serif; font-size: 16px; font-style: normal; font-weight: 400; margin-bottom: 15px; color: #666666;\">\n<\/p><p style=\"box-sizing: border-box; border: 0px; font-size: 15px; font-style: normal; font-weight: 400; margin: 0px 0px 0.5em; outline: 0px; padding: 0px; vertical-align: baseline; color: #22323d; font-family: 'Open Sans', sans-serif; font-variant-ligatures: normal; font-variant-caps: normal; letter-spacing: normal; orphans: 2; text-align: start; text-indent: 0px; text-transform: none; white-space: normal; widows: 2; word-spacing: 0px; -webkit-text-stroke-width: 0px; background-color: #ffffff; text-decoration-thickness: initial; text-decoration-style: initial; text-decoration-color: initial;\">\n<\/p><h3 style=\"box-sizing: border-box; border: 0px; font-size: 2.46667rem; font-style: normal; font-weight: 600; margin: 0px 0px 20px; outline: 0px; padding: 0px; vertical-align: baseline; clear: both; color: #000000; line-height: 1.2; font-family: Poppins, sans-serif; font-variant-ligatures: normal; font-variant-caps: normal; letter-spacing: normal; orphans: 2; text-align: start; text-indent: 0px; text-transform: none; white-space: normal; widows: 2; word-spacing: 0px; -webkit-text-stroke-width: 0px; background-color: #ffffff; text-decoration-thickness: initial; text-decoration-style: initial; text-decoration-color: initial;\"><u style=\"box-sizing: border-box; text-decoration: underline;\"><span style=\"box-sizing: border-box; border: 0px; font-size: 37px; font-style: inherit; font-weight: bold; margin: 0px; outline: 0px; padding: 0px; vertical-align: baseline;\">Overview<\/span><\/u><\/h3>\n<ul>\n<li style=\"font-variant-numeric: inherit; font-variant-east-asian: inherit; font-stretch: inherit; line-height: 24px;\"><span style=\"color: #666666; font-family: Lato, sans-serif;\"><span style=\"font-size: 16px;\">All levels: basic to advanced<\/span><\/span><\/li>\n<li style=\"font-variant-numeric: inherit; font-variant-east-asian: inherit; font-stretch: inherit; line-height: 24px;\">Portuguese for travel<\/li>\n<li style=\"font-variant-numeric: inherit; font-variant-east-asian: inherit; font-stretch: inherit; line-height: 24px;\">Business Portuguese<\/li>\n<li style=\"font-variant-numeric: inherit; font-variant-east-asian: inherit; font-stretch: inherit; line-height: 24px;\">Specialization course for Translator and\/or Interpreter.<\/li>\n<\/ul>\n<p style=\"font-variant-numeric: inherit; font-variant-east-asian: inherit; font-stretch: inherit; line-height: 24px; font-family: Lato, sans-serif; font-size: 16px; font-style: normal; font-weight: 400; margin-bottom: 15px; color: #666666;\">Make an assessment during the class to find out which course is right for you.<\/p>\n<p style=\"font-variant-numeric: inherit; font-variant-east-asian: inherit; font-stretch: inherit; line-height: 24px; font-family: Lato, sans-serif; font-size: 16px; font-style: normal; font-weight: 400; margin-bottom: 15px; color: #666666;\">&nbsp;<span style=\"font-size: 16px; font-style: normal; font-weight: 400; background-color: transparent;\">&nbsp;<\/span><span style=\"color: #000000; font-family: Poppins, sans-serif; font-size: 15px; font-style: normal; font-weight: bold; white-space: pre-wrap; background-color: transparent;\">Prerequisite: <\/span><\/p>\n<p style=\"font-variant-numeric: inherit; font-variant-east-asian: inherit; font-stretch: inherit; line-height: 24px; font-family: Lato, sans-serif; font-size: 16px; font-style: normal; font-weight: 400; margin-bottom: 15px; color: #666666;\"><span style=\"color: #000000; font-family: Poppins, sans-serif; font-size: 15px; font-style: normal; white-space: pre-wrap; background-color: transparent;\">Speak and understand English and\/or Japanese, as this course is aimed at non-native speakers of Portuguese.<\/span><\/p>\n<p style=\"font-variant-numeric: inherit; font-variant-east-asian: inherit; font-stretch: inherit; line-height: 24px; font-family: Lato, sans-serif; font-size: 16px; font-style: normal; font-weight: 400; margin-bottom: 15px; color: #666666;\"><span style=\"color: #000000; font-family: Poppins, sans-serif; font-size: 15px; font-style: normal; font-weight: bold; white-space: pre-wrap; background-color: transparent;\">&nbsp;<\/span><\/p>\n<p style=\"font-variant-numeric: inherit; font-variant-east-asian: inherit; font-stretch: inherit; line-height: 24px; font-family: Lato, sans-serif; font-size: 16px; font-style: normal; font-weight: 400; margin-bottom: 15px; color: #666666;\">\n<\/p><\/div>\t\t\t\t\t\t\t\t<\/div>\n\t\t\t\t<\/div>\n\t\t\t\t<div class=\"elementor-element elementor-element-def8976 elementor-widget elementor-widget-spacer\" data-id=\"def8976\" data-element_type=\"widget\" data-e-type=\"widget\" data-widget_type=\"spacer.default\">\n\t\t\t\t<div class=\"elementor-widget-container\">\n\t\t\t\t\t\t\t<div class=\"elementor-spacer\">\n\t\t\t<div class=\"elementor-spacer-inner\"><\/div>\n\t\t<\/div>\n\t\t\t\t\t\t<\/div>\n\t\t\t\t<\/div>\n\t\t\t\t<div class=\"elementor-element elementor-element-622e286 elementor-widget elementor-widget-heading\" data-id=\"622e286\" data-element_type=\"widget\" data-e-type=\"widget\" data-widget_type=\"heading.default\">\n\t\t\t\t<div class=\"elementor-widget-container\">\n\t\t\t\t\t<h6 class=\"elementor-heading-title elementor-size-default\"><p><strong>Minimum requirements:<\/strong><\/p><p>- Internet connection fast enough to watch a movie online without freezing.<\/p><p>- Computer with microphone (webcam recommended), Tablet or Smartphone (with large screen)<\/p><p>- Headset or earphones (recommended)<\/p><\/h6>\t\t\t\t<\/div>\n\t\t\t\t<\/div>\n\t\t\t\t\t<\/div>\n\t\t<\/div>\n\t\t\t\t\t<\/div>\n\t\t<\/section>\n\t\t\t\t<section class=\"elementor-section elementor-top-section elementor-element elementor-element-a3d8dfc elementor-section-boxed elementor-section-height-default elementor-section-height-default\" data-id=\"a3d8dfc\" data-element_type=\"section\" data-e-type=\"section\">\n\t\t\t\t\t\t<div class=\"elementor-container elementor-column-gap-default\">\n\t\t\t\t\t<div class=\"elementor-column elementor-col-100 elementor-top-column elementor-element elementor-element-2321f59\" data-id=\"2321f59\" data-element_type=\"column\" data-e-type=\"column\">\n\t\t\t<div class=\"elementor-widget-wrap elementor-element-populated\">\n\t\t\t\t\t\t<section class=\"elementor-section elementor-inner-section elementor-element elementor-element-6518b92 elementor-section-boxed elementor-section-height-default elementor-section-height-default\" data-id=\"6518b92\" data-element_type=\"section\" data-e-type=\"section\" data-settings=\"{&quot;background_background&quot;:&quot;classic&quot;}\">\n\t\t\t\t\t\t\t<div class=\"elementor-background-overlay\"><\/div>\n\t\t\t\t\t\t\t<div class=\"elementor-container elementor-column-gap-default\">\n\t\t\t\t\t<div class=\"elementor-column elementor-col-50 elementor-inner-column elementor-element elementor-element-f11a228\" data-id=\"f11a228\" data-element_type=\"column\" data-e-type=\"column\" data-settings=\"{&quot;background_background&quot;:&quot;classic&quot;}\">\n\t\t\t<div class=\"elementor-widget-wrap elementor-element-populated\">\n\t\t\t\t\t\t<div class=\"elementor-element elementor-element-4b0707b elementor-align-center elementor-mobile-align-left elementor-tablet-align-left elementor-widget elementor-widget-button\" data-id=\"4b0707b\" data-element_type=\"widget\" data-e-type=\"widget\" data-widget_type=\"button.default\">\n\t\t\t\t<div class=\"elementor-widget-container\">\n\t\t\t\t\t\t\t\t\t<div class=\"elementor-button-wrapper\">\n\t\t\t\t\t<a class=\"elementor-button elementor-button-link elementor-size-sm\" href=\"\/en\/aula-experimental\/\">\n\t\t\t\t\t\t<span class=\"elementor-button-content-wrapper\">\n\t\t\t\t\t\t\t\t\t<span class=\"elementor-button-text\">Take me to Trial Class<\/span>\n\t\t\t\t\t<\/span>\n\t\t\t\t\t<\/a>\n\t\t\t\t<\/div>\n\t\t\t\t\t\t\t\t<\/div>\n\t\t\t\t<\/div>\n\t\t\t\t<div class=\"elementor-element elementor-element-414b59f elementor-widget elementor-widget-shortcode\" data-id=\"414b59f\" data-element_type=\"widget\" data-e-type=\"widget\" data-widget_type=\"shortcode.default\">\n\t\t\t\t<div class=\"elementor-widget-container\">\n\t\t\t\t\t\t\t<div class=\"elementor-shortcode\">Que tal fazer uma aula experimental por apenas \u00a5 1,000 ienes\u00a0( aprox. U$ 6 d\u00f3lares).\u00a0<\/div>\n\t\t\t\t\t\t<\/div>\n\t\t\t\t<\/div>\n\t\t\t\t\t<\/div>\n\t\t<\/div>\n\t\t\t\t<div class=\"elementor-column elementor-col-50 elementor-inner-column elementor-element elementor-element-0e01d80\" data-id=\"0e01d80\" data-element_type=\"column\" data-e-type=\"column\">\n\t\t\t<div class=\"elementor-widget-wrap elementor-element-populated\">\n\t\t\t\t\t\t<div class=\"elementor-element elementor-element-a8e1e9c elementor-widget elementor-widget-heading\" data-id=\"a8e1e9c\" data-element_type=\"widget\" data-e-type=\"widget\" data-widget_type=\"heading.default\">\n\t\t\t\t<div class=\"elementor-widget-container\">\n\t\t\t\t\t<h6 class=\"elementor-heading-title elementor-size-default\"><a href=\"\/en\/matricula\/\">Get 2 free lessons when you sign up without taking the trial lesson<\/a><\/h6>\t\t\t\t<\/div>\n\t\t\t\t<\/div>\n\t\t\t\t<div class=\"elementor-element elementor-element-bc9a743 elementor-align-center elementor-mobile-align-left elementor-tablet-align-left elementor-widget elementor-widget-button\" data-id=\"bc9a743\" data-element_type=\"widget\" data-e-type=\"widget\" data-widget_type=\"button.default\">\n\t\t\t\t<div class=\"elementor-widget-container\">\n\t\t\t\t\t\t\t\t\t<div class=\"elementor-button-wrapper\">\n\t\t\t\t\t<a class=\"elementor-button elementor-button-link elementor-size-sm\" href=\"\/en\/matricula\/\">\n\t\t\t\t\t\t<span class=\"elementor-button-content-wrapper\">\n\t\t\t\t\t\t\t\t\t<span class=\"elementor-button-text\">I want to enroll right away<\/span>\n\t\t\t\t\t<\/span>\n\t\t\t\t\t<\/a>\n\t\t\t\t<\/div>\n\t\t\t\t\t\t\t\t<\/div>\n\t\t\t\t<\/div>\n\t\t\t\t\t<\/div>\n\t\t<\/div>\n\t\t\t\t\t<\/div>\n\t\t<\/section>\n\t\t\t\t\t<\/div>\n\t\t<\/div>\n\t\t\t\t\t<\/div>\n\t\t<\/section>\n\t\t\t\t<\/div>","protected":false},"excerpt":{"rendered":"<p>Curso Online de Portugu\u00eas para n\u00e3o nativos Curso Online de Portugu\u00eas para n\u00e3o nativos &#8211; Aula particular ao vivo personalizada. Professores tril\u00edngues capacitados e experientes, prontos para ensinar Portugu\u00eas para falantes de Ingl\u00eas ou Japon\u00eas . Experimentar Que tal fazer uma aula experimental por apenas \u00a5 1,000 ienes\u00a0( aprox. U$ d\u00f3lares).\u00a0 Ganhe 2 aulas brinde &hellip;<\/p>\n<p class=\"read-more\"> <a class=\"\" href=\"https:\/\/live-lesson.jp\/en\/curso-de-portugues-online\/\"> <span class=\"screen-reader-text\">Portuguese Online Course<\/span> Read More &raquo;<\/a><\/p>","protected":false},"author":1,"featured_media":0,"parent":0,"menu_order":0,"comment_status":"closed","ping_status":"closed","template":"","meta":{"site-sidebar-layout":"no-sidebar","site-content-layout":"page-builder","ast-global-header-display":"","ast-main-header-display":"","ast-hfb-above-header-display":"","ast-hfb-below-header-display":"","ast-hfb-mobile-header-display":"","site-post-title":"disabled","ast-breadcrumbs-content":"disabled","ast-featured-img":"disabled","footer-sml-layout":"","theme-transparent-header-meta":"enabled","adv-header-id-meta":"","stick-header-meta":"","header-above-stick-meta":"","header-main-stick-meta":"","header-below-stick-meta":"","footnotes":""},"class_list":["post-1108","page","type-page","status-publish","hentry"],"_links":{"self":[{"href":"https:\/\/live-lesson.jp\/en\/wp-json\/wp\/v2\/pages\/1108","targetHints":{"allow":["GET"]}}],"collection":[{"href":"https:\/\/live-lesson.jp\/en\/wp-json\/wp\/v2\/pages"}],"about":[{"href":"https:\/\/live-lesson.jp\/en\/wp-json\/wp\/v2\/types\/page"}],"author":[{"embeddable":true,"href":"https:\/\/live-lesson.jp\/en\/wp-json\/wp\/v2\/users\/1"}],"replies":[{"embeddable":true,"href":"https:\/\/live-lesson.jp\/en\/wp-json\/wp\/v2\/comments?post=1108"}],"version-history":[{"count":19,"href":"https:\/\/live-lesson.jp\/en\/wp-json\/wp\/v2\/pages\/1108\/revisions"}],"predecessor-version":[{"id":2049,"href":"https:\/\/live-lesson.jp\/en\/wp-json\/wp\/v2\/pages\/1108\/revisions\/2049"}],"wp:attachment":[{"href":"https:\/\/live-lesson.jp\/en\/wp-json\/wp\/v2\/media?parent=1108"}],"curies":[{"name":"wp","href":"https:\/\/api.w.org\/{rel}","templated":true}]}}