{"id":733,"date":"2020-02-01T18:59:40","date_gmt":"2020-02-01T09:59:40","guid":{"rendered":"https:\/\/live-lesson.jp\/about-us\/"},"modified":"2024-04-27T22:47:23","modified_gmt":"2024-04-27T13:47:23","slug":"quem-somos","status":"publish","type":"page","link":"https:\/\/live-lesson.jp\/en\/quem-somos\/","title":{"rendered":"About us"},"content":{"rendered":"<div data-elementor-type=\"wp-page\" data-elementor-id=\"733\" class=\"elementor elementor-733\">\n\t\t\t\t\t\t<section class=\"elementor-section elementor-top-section elementor-element elementor-element-6ff2ff7 elementor-section-boxed elementor-section-height-default elementor-section-height-default\" data-id=\"6ff2ff7\" data-element_type=\"section\" data-e-type=\"section\" data-settings=\"{&quot;background_background&quot;:&quot;classic&quot;}\">\n\t\t\t\t\t\t\t<div class=\"elementor-background-overlay\"><\/div>\n\t\t\t\t\t\t\t<div class=\"elementor-container elementor-column-gap-no\">\n\t\t\t\t\t<div class=\"elementor-column elementor-col-100 elementor-top-column elementor-element elementor-element-d4acc06\" data-id=\"d4acc06\" data-element_type=\"column\" data-e-type=\"column\">\n\t\t\t<div class=\"elementor-widget-wrap elementor-element-populated\">\n\t\t\t\t\t\t<div class=\"elementor-element elementor-element-bee4950 elementor-widget elementor-widget-heading\" data-id=\"bee4950\" data-element_type=\"widget\" data-e-type=\"widget\" data-widget_type=\"heading.default\">\n\t\t\t\t<div class=\"elementor-widget-container\">\n\t\t\t\t\t<h1 class=\"elementor-heading-title elementor-size-default\">About us<\/h1>\t\t\t\t<\/div>\n\t\t\t\t<\/div>\n\t\t\t\t\t<\/div>\n\t\t<\/div>\n\t\t\t\t\t<\/div>\n\t\t<\/section>\n\t\t\t\t<section class=\"elementor-section elementor-top-section elementor-element elementor-element-dd3a8b8 elementor-section-boxed elementor-section-height-default elementor-section-height-default\" data-id=\"dd3a8b8\" data-element_type=\"section\" data-e-type=\"section\">\n\t\t\t\t\t\t<div class=\"elementor-container elementor-column-gap-default\">\n\t\t\t\t\t<div class=\"elementor-column elementor-col-50 elementor-top-column elementor-element elementor-element-c927f23\" data-id=\"c927f23\" data-element_type=\"column\" data-e-type=\"column\">\n\t\t\t<div class=\"elementor-widget-wrap elementor-element-populated\">\n\t\t\t\t\t\t<div class=\"elementor-element elementor-element-794e1f5 elementor-widget elementor-widget-heading\" data-id=\"794e1f5\" data-element_type=\"widget\" data-e-type=\"widget\" data-widget_type=\"heading.default\">\n\t\t\t\t<div class=\"elementor-widget-container\">\n\t\t\t\t\t<h6 class=\"elementor-heading-title elementor-size-default\">What we envision<\/h6>\t\t\t\t<\/div>\n\t\t\t\t<\/div>\n\t\t\t\t<div class=\"elementor-element elementor-element-bf8264c elementor-widget elementor-widget-heading\" data-id=\"bf8264c\" data-element_type=\"widget\" data-e-type=\"widget\" data-widget_type=\"heading.default\">\n\t\t\t\t<div class=\"elementor-widget-container\">\n\t\t\t\t\t<h2 class=\"elementor-heading-title elementor-size-default\">About us<\/h2>\t\t\t\t<\/div>\n\t\t\t\t<\/div>\n\t\t\t\t<div class=\"elementor-element elementor-element-2fee6c6 elementor-widget-divider--view-line elementor-widget elementor-widget-divider\" data-id=\"2fee6c6\" data-element_type=\"widget\" data-e-type=\"widget\" data-widget_type=\"divider.default\">\n\t\t\t\t<div class=\"elementor-widget-container\">\n\t\t\t\t\t\t\t<div class=\"elementor-divider\">\n\t\t\t<span class=\"elementor-divider-separator\">\n\t\t\t\t\t\t<\/span>\n\t\t<\/div>\n\t\t\t\t\t\t<\/div>\n\t\t\t\t<\/div>\n\t\t\t\t\t<\/div>\n\t\t<\/div>\n\t\t\t\t<div class=\"elementor-column elementor-col-50 elementor-top-column elementor-element elementor-element-5e5cb52\" data-id=\"5e5cb52\" data-element_type=\"column\" data-e-type=\"column\">\n\t\t\t<div class=\"elementor-widget-wrap\">\n\t\t\t\t\t\t\t<\/div>\n\t\t<\/div>\n\t\t\t\t\t<\/div>\n\t\t<\/section>\n\t\t\t\t<section class=\"elementor-section elementor-top-section elementor-element elementor-element-a26176a elementor-section-boxed elementor-section-height-default elementor-section-height-default\" data-id=\"a26176a\" data-element_type=\"section\" data-e-type=\"section\">\n\t\t\t\t\t\t<div class=\"elementor-container elementor-column-gap-no\">\n\t\t\t\t\t<div class=\"elementor-column elementor-col-100 elementor-top-column elementor-element elementor-element-61ca281\" data-id=\"61ca281\" data-element_type=\"column\" data-e-type=\"column\">\n\t\t\t<div class=\"elementor-widget-wrap elementor-element-populated\">\n\t\t\t\t\t\t<div class=\"elementor-element elementor-element-973ddb1 elementor-widget elementor-widget-heading\" data-id=\"973ddb1\" data-element_type=\"widget\" data-e-type=\"widget\" data-widget_type=\"heading.default\">\n\t\t\t\t<div class=\"elementor-widget-container\">\n\t\t\t\t\t<h4 class=\"elementor-heading-title elementor-size-default\">Live Lessons Japan is a Takk Solutions Inc. venture, a company that specializes in developing systems for online education.<\/h4>\t\t\t\t<\/div>\n\t\t\t\t<\/div>\n\t\t\t\t<div class=\"elementor-element elementor-element-f326c30 elementor-widget-divider--view-line elementor-widget elementor-widget-divider\" data-id=\"f326c30\" data-element_type=\"widget\" data-e-type=\"widget\" data-widget_type=\"divider.default\">\n\t\t\t\t<div class=\"elementor-widget-container\">\n\t\t\t\t\t\t\t<div class=\"elementor-divider\">\n\t\t\t<span class=\"elementor-divider-separator\">\n\t\t\t\t\t\t<\/span>\n\t\t<\/div>\n\t\t\t\t\t\t<\/div>\n\t\t\t\t<\/div>\n\t\t\t\t<div class=\"elementor-element elementor-element-338057a elementor-widget elementor-widget-text-editor\" data-id=\"338057a\" data-element_type=\"widget\" data-e-type=\"widget\" data-widget_type=\"text-editor.default\">\n\t\t\t\t<div class=\"elementor-widget-container\">\n\t\t\t\t\t\t\t\t\t<p>Live Lessons - Takk Solutions Inc.<\/p><p>T 461-0001<br \/>Aichi Ken Nagoya Shi Higashi Ku Izumi 3-17-10\u00a0<span style=\"font-size: 15px; font-style: normal; font-weight: 400;\">Izumi Bldg 3F<\/span><\/p><p>Phone numbers:<\/p><p>080-1937-6173<\/p><p>050-5273-3626<\/p>\t\t\t\t\t\t\t\t<\/div>\n\t\t\t\t<\/div>\n\t\t\t\t<div class=\"elementor-element elementor-element-0abc091 elementor-widget-divider--view-line elementor-widget elementor-widget-divider\" data-id=\"0abc091\" data-element_type=\"widget\" data-e-type=\"widget\" data-widget_type=\"divider.default\">\n\t\t\t\t<div class=\"elementor-widget-container\">\n\t\t\t\t\t\t\t<div class=\"elementor-divider\">\n\t\t\t<span class=\"elementor-divider-separator\">\n\t\t\t\t\t\t<\/span>\n\t\t<\/div>\n\t\t\t\t\t\t<\/div>\n\t\t\t\t<\/div>\n\t\t\t\t<div class=\"elementor-element elementor-element-017fbce elementor-widget elementor-widget-text-editor\" data-id=\"017fbce\" data-element_type=\"widget\" data-e-type=\"widget\" data-widget_type=\"text-editor.default\">\n\t\t\t\t<div class=\"elementor-widget-container\">\n\t\t\t\t\t\t\t\t\t<div class=\"img\">\u00a0 \u00a0 \u00a0 <span style=\"font-size: 15px;\">Although we have our headquarters in Nagoya, all our classes are held live online.  We don't have face-to-face classes at the school, precisely so that we can cater for students who live anywhere on the planet.<\/span><\/div><div class=\"article\"><p align=\"justify\">\u00a0 \u00a0 \u00a0For centuries, most educational institutions have followed the same formula: a school that caters to a certain public that lives nearby, making it necessary to travel to it in order to study.<\/p><p align=\"justify\">\u00a0 \u00a0 Then, with the advent of the Internet, distance learning came along, which is already an advance compared to traditional forms of education. However, in most online courses, students practically have to study on their own, watching videos, sending in assignments to be corrected and answering questions via e-mails, forums and so on.<\/p><p align=\"justify\">\u00a0 \u00a0 \u00a0This teaching methodology may work well for some subjects, such as the exact sciences, humanities and so on. But it doesn't work for languages as a second language.<\/p><p align=\"justify\">\u00a0 \u00a0 \u00a0It is against this backdrop that Live Lessons Japan (a Takk Solutions Inc. venture) has emerged to integrate the best in technology with education. Developed by professionals with a broad and deep vision of both areas (Technology and Education), Live Lessons Japan presents a new concept in Distance Learning, proving that it is perfectly possible to study from the comfort of your home, much more effectively than if you had to travel to school.<\/p><p align=\"justify\">\u00a0 \u00a0 \u00a0At Live Lessons, students don't have to study on their own. In fact, is it worth paying to receive a huge number of recorded video lessons and huge handouts to study on your own? If you're only interested in a degree (as is the case with online colleges) it might be worth it.  But that doesn't work for languages. You need to interact with someone else (preferably someone who knows more than you) who can teach you, practice and correct you in real time. Because how can you correct a student's pronunciation via text messages?  How will you know if you're speaking correctly, with the right intonation, just by watching videos?<\/p><p align=\"justify\">\u00a0 \u00a0 \u00a0Classes are live and individualized. Doubts are answered in real time and <strong>are not<\/strong> via chat. All classes have a qualified teacher live and in real time to teach as if they were in a classroom. The main advantage is that students have a much higher performance than if they had to travel to school, as they can attend classes in their free time, with a rested mind and in the comfort of their own home.\u00a0<\/p><\/div>\t\t\t\t\t\t\t\t<\/div>\n\t\t\t\t<\/div>\n\t\t\t\t\t<\/div>\n\t\t<\/div>\n\t\t\t\t\t<\/div>\n\t\t<\/section>\n\t\t\t\t<section class=\"elementor-section elementor-top-section elementor-element elementor-element-dbdf9ac elementor-section-content-middle elementor-section-boxed elementor-section-height-default elementor-section-height-default\" data-id=\"dbdf9ac\" data-element_type=\"section\" data-e-type=\"section\">\n\t\t\t\t\t\t<div class=\"elementor-container elementor-column-gap-no\">\n\t\t\t\t\t<div class=\"elementor-column elementor-col-33 elementor-top-column elementor-element elementor-element-885cb99\" data-id=\"885cb99\" data-element_type=\"column\" data-e-type=\"column\">\n\t\t\t<div class=\"elementor-widget-wrap elementor-element-populated\">\n\t\t\t\t\t\t<div class=\"elementor-element elementor-element-50ddc50 elementor-widget elementor-widget-heading\" data-id=\"50ddc50\" data-element_type=\"widget\" data-e-type=\"widget\" data-widget_type=\"heading.default\">\n\t\t\t\t<div class=\"elementor-widget-container\">\n\t\t\t\t\t<h2 class=\"elementor-heading-title elementor-size-default\">Who I am<\/h2>\t\t\t\t<\/div>\n\t\t\t\t<\/div>\n\t\t\t\t\t<\/div>\n\t\t<\/div>\n\t\t\t\t<div class=\"elementor-column elementor-col-66 elementor-top-column elementor-element elementor-element-105f188\" data-id=\"105f188\" data-element_type=\"column\" data-e-type=\"column\">\n\t\t\t<div class=\"elementor-widget-wrap elementor-element-populated\">\n\t\t\t\t\t\t<div class=\"elementor-element elementor-element-4918b41 elementor-widget elementor-widget-text-editor\" data-id=\"4918b41\" data-element_type=\"widget\" data-e-type=\"widget\" data-widget_type=\"text-editor.default\">\n\t\t\t\t<div class=\"elementor-widget-container\">\n\t\t\t\t\t\t\t\t\t<p>Learn a little about the career of the creator of Live Lessons Japan.<\/p>\t\t\t\t\t\t\t\t<\/div>\n\t\t\t\t<\/div>\n\t\t\t\t\t<\/div>\n\t\t<\/div>\n\t\t\t\t\t<\/div>\n\t\t<\/section>\n\t\t\t\t<section class=\"elementor-section elementor-top-section elementor-element elementor-element-48528b9 elementor-section-boxed elementor-section-height-default elementor-section-height-default\" data-id=\"48528b9\" data-element_type=\"section\" data-e-type=\"section\">\n\t\t\t\t\t\t<div class=\"elementor-container elementor-column-gap-default\">\n\t\t\t\t\t<div class=\"elementor-column elementor-col-50 elementor-top-column elementor-element elementor-element-8ea8f74\" data-id=\"8ea8f74\" data-element_type=\"column\" data-e-type=\"column\">\n\t\t\t<div class=\"elementor-widget-wrap elementor-element-populated\">\n\t\t\t\t\t\t<div class=\"elementor-element elementor-element-85c433f elementor-widget elementor-widget-image\" data-id=\"85c433f\" data-element_type=\"widget\" data-e-type=\"widget\" data-widget_type=\"image.default\">\n\t\t\t\t<div class=\"elementor-widget-container\">\n\t\t\t\t\t\t\t\t\t\t\t\t\t\t\t<img fetchpriority=\"high\" decoding=\"async\" width=\"210\" height=\"300\" src=\"https:\/\/live-lesson.jp\/wp-content\/uploads\/2021\/12\/901_cartoon-210x300.png\" class=\"attachment-medium size-medium wp-image-1697\" alt=\"\" srcset=\"https:\/\/live-lesson.jp\/wp-content\/uploads\/2021\/12\/901_cartoon-210x300.png 210w, https:\/\/live-lesson.jp\/wp-content\/uploads\/2021\/12\/901_cartoon.png 477w\" sizes=\"(max-width: 210px) 100vw, 210px\" \/>\t\t\t\t\t\t\t\t\t\t\t\t\t\t\t<\/div>\n\t\t\t\t<\/div>\n\t\t\t\t\t<\/div>\n\t\t<\/div>\n\t\t\t\t<div class=\"elementor-column elementor-col-50 elementor-top-column elementor-element elementor-element-56ab730\" data-id=\"56ab730\" data-element_type=\"column\" data-e-type=\"column\">\n\t\t\t<div class=\"elementor-widget-wrap elementor-element-populated\">\n\t\t\t\t\t\t<div class=\"elementor-element elementor-element-bfd7179 elementor-widget-divider--separator-type-pattern elementor-widget-divider--view-line elementor-widget elementor-widget-divider\" data-id=\"bfd7179\" data-element_type=\"widget\" data-e-type=\"widget\" data-widget_type=\"divider.default\">\n\t\t\t\t<div class=\"elementor-widget-container\">\n\t\t\t\t\t\t\t<div class=\"elementor-divider\" style=\"--divider-pattern-url: url(&quot;data:image\/svg+xml,%3Csvg xmlns=&#039;http:\/\/www.w3.org\/2000\/svg&#039; preserveAspectRatio=&#039;none&#039; overflow=&#039;visible&#039; height=&#039;100%&#039; viewBox=&#039;0 0 24 24&#039; fill=&#039;black&#039; stroke=&#039;none&#039;%3E%3Cpolygon points=&#039;9.4,2 24,2 14.6,21.6 0,21.6&#039;\/%3E%3C\/svg%3E&quot;);\">\n\t\t\t<span class=\"elementor-divider-separator\">\n\t\t\t\t\t\t<\/span>\n\t\t<\/div>\n\t\t\t\t\t\t<\/div>\n\t\t\t\t<\/div>\n\t\t\t\t<div class=\"elementor-element elementor-element-5885bde elementor-widget elementor-widget-heading\" data-id=\"5885bde\" data-element_type=\"widget\" data-e-type=\"widget\" data-widget_type=\"heading.default\">\n\t\t\t\t<div class=\"elementor-widget-container\">\n\t\t\t\t\t<h3 class=\"elementor-heading-title elementor-size-default\">\"Never give up, persevere and always try to keep your brain active and in constant training.\"<\/h3>\t\t\t\t<\/div>\n\t\t\t\t<\/div>\n\t\t\t\t<div class=\"elementor-element elementor-element-fb04d1d elementor-widget-divider--separator-type-pattern elementor-widget-divider--view-line elementor-widget elementor-widget-divider\" data-id=\"fb04d1d\" data-element_type=\"widget\" data-e-type=\"widget\" data-widget_type=\"divider.default\">\n\t\t\t\t<div class=\"elementor-widget-container\">\n\t\t\t\t\t\t\t<div class=\"elementor-divider\" style=\"--divider-pattern-url: url(&quot;data:image\/svg+xml,%3Csvg xmlns=&#039;http:\/\/www.w3.org\/2000\/svg&#039; preserveAspectRatio=&#039;none&#039; overflow=&#039;visible&#039; height=&#039;100%&#039; viewBox=&#039;0 0 24 24&#039; fill=&#039;black&#039; stroke=&#039;none&#039;%3E%3Cpolygon points=&#039;9.4,2 24,2 14.6,21.6 0,21.6&#039;\/%3E%3C\/svg%3E&quot;);\">\n\t\t\t<span class=\"elementor-divider-separator\">\n\t\t\t\t\t\t<\/span>\n\t\t<\/div>\n\t\t\t\t\t\t<\/div>\n\t\t\t\t<\/div>\n\t\t\t\t\t<\/div>\n\t\t<\/div>\n\t\t\t\t\t<\/div>\n\t\t<\/section>\n\t\t\t\t<section class=\"elementor-section elementor-top-section elementor-element elementor-element-f873186 elementor-section-content-middle elementor-section-boxed elementor-section-height-default elementor-section-height-default\" data-id=\"f873186\" data-element_type=\"section\" data-e-type=\"section\" data-settings=\"{&quot;background_background&quot;:&quot;classic&quot;}\">\n\t\t\t\t\t\t<div class=\"elementor-container elementor-column-gap-no\">\n\t\t\t\t\t<div class=\"elementor-column elementor-col-100 elementor-top-column elementor-element elementor-element-1e8e919\" data-id=\"1e8e919\" data-element_type=\"column\" data-e-type=\"column\">\n\t\t\t<div class=\"elementor-widget-wrap elementor-element-populated\">\n\t\t\t\t\t\t<div class=\"elementor-element elementor-element-cf39eb3 elementor-widget elementor-widget-text-editor\" data-id=\"cf39eb3\" data-element_type=\"widget\" data-e-type=\"widget\" data-widget_type=\"text-editor.default\">\n\t\t\t\t<div class=\"elementor-widget-container\">\n\t\t\t\t\t\t\t\t\t<p>&nbsp; &nbsp; &nbsp; &nbsp; &nbsp; Despite having studied at three universities (Civil Engineering, Japanese Literature and Systems Development and Analysis), I'm always learning something or looking to specialize.&nbsp;<span style=\"font-size: 15px; font-style: normal; font-weight: 400; background-color: transparent;\">I've been teaching English for over 25 years, Japanese for over 15 years and have also worked as a translator and interpreter in three languages (Portuguese, English and Japanese) throughout this period.  Since 1997, I have been developing web systems (starting with&nbsp;<\/span><span style=\"font-size: 15px; font-style: normal; font-weight: 400; background-color: transparent;\">initially<\/span><span style=\"font-size: 15px; font-style: normal; font-weight: 400; background-color: transparent;\">&nbsp;<\/span><span style=\"background-color: transparent; font-size: 15px; font-style: normal; font-weight: 400;\">with Webdesign only) always looking to learn new things to add to what I've already learned.&nbsp;<\/span><\/p>\n<p><span style=\"background-color: transparent; font-size: 15px; font-style: normal; font-weight: 400;\">&nbsp; &nbsp; &nbsp; &nbsp; &nbsp; The above account may give the impression that I spent my whole life studying and only then did I go into the job market. But contrary to what it may seem, until I was 19 I had a normal student life, going as far as engineering school when I was 18. When I was 19, I joined the Brazilian Army (N.P.O.R.) on a Reserve Officers' Training Course, and graduated as a lieutenant when I was 20.  At 21, I started studying&nbsp;<\/span><span style=\"font-size: 15px; font-style: normal; font-weight: 400; background-color: rgba(242, 248, 249, 0);\">for real&nbsp;<\/span><span style=\"background-color: transparent; font-size: 15px; font-style: normal; font-weight: 400;\">English, taking a course (before that, only English was taught at school).  At 22, already fluent in English, I was invited to teach at a language school and that's when I really started to learn. After all, the main difference between a teacher and a student is that the teacher has to study all the time in order to be able to teach. <br><br>When I was 23, I started studying Japanese and entered my second university: a degree in Japanese Literature at the University of Bras\u00edlia - UnB. <br>During the day I worked as an English teacher, translator and interpreter (ICPO - INTERPOL BRASIL + Academia Nacional de Pol\u00edcia Federal + Pol\u00edcia Federal Bras\u00edlia) and at night I went to college. During my time at university, I also worked as an entrepreneur running a company aimed at promoting Japanese culture and customs in Brazil (Japan On Line Ltda.) through clothing with Japanese motifs (Japanese designs and writing). It was hard work, but it was worth it.<\/span><\/p>\n<p>&nbsp; &nbsp; &nbsp; &nbsp; &nbsp; After graduating, I decided to move to Japan permanently with my Japanese wife (whom I met while she was a Portuguese language student in Brazil). It was then that I really began to understand that nothing in life is mere coincidence.  My ties with the \"Land of the Rising Sun\" began to grow deeper and deeper.<\/p>\n<p><span style=\"background-color: transparent; font-size: 15px; font-style: normal; font-weight: 400;\">&nbsp; &nbsp; &nbsp; &nbsp; &nbsp; After moving to Japan permanently (in 2004), I started teaching Japanese to foreigners, as well as continuing to teach English. I also worked as a trilingual translator and interpreter. In other words, several doors opened and more job opportunities suggested themselves.&nbsp;<\/span><\/p>\n<p><span style=\"background-color: transparent; font-size: 15px; font-style: normal; font-weight: 400;\">&nbsp; &nbsp; &nbsp; &nbsp; &nbsp; In 2007 I started my third degree: Systems Analysis and Development. Although I had already worked as a web designer when I was in Brazil, I felt the need to broaden my knowledge and specialize in IT (Information Technology).<\/span><\/p>\n<p>&nbsp; &nbsp; &nbsp; &nbsp; &nbsp; Using all the knowledge I had accumulated so far (languages + technology + teaching), I decided to open Live Lessons Japan (a Takk Solutions Inc. venture) in 2011.<\/p>\n<p>&nbsp; &nbsp; &nbsp; &nbsp; &nbsp; Since 2017, I have also worked as a support teacher in Japanese schools for foreign students (Shougakko, Chuugakko, Koukko - equivalent to elementary and high school) who have difficulties at school, probably due to the fact that they don't speak Portuguese as well as Japanese.<\/p>\n<p>Currently (2024) I continue to teach (English, Japanese, Portuguese and IT) online at Live Lessons and in person at Japanese schools as a support teacher for foreign students. I also provide systems development services for Japanese companies in various industries.<\/p>\n<p>And so I get on with life, raising my daughters (together with the same Japanese wife I met in Brazil), always trying to evolve and keep up to date (which isn't easy due to the constant evolution of technology and languages).<\/p>\n<p>It was in Japan that I came across the expression \u8133\u30c8\u30ec ( nou tore), which is short for brain training. We can exercise our bodies in gyms, by playing sports, etc. But what about the brain? The best gym for the brain is learning.&nbsp;&nbsp;<\/p>\n<p>That's why I always say: \"Never give up, persevere and always try to keep your brain active and in constant training.\"<\/p>\t\t\t\t\t\t\t\t<\/div>\n\t\t\t\t<\/div>\n\t\t\t\t<div class=\"elementor-element elementor-element-91fbf3b elementor-widget elementor-widget-heading\" data-id=\"91fbf3b\" data-element_type=\"widget\" data-e-type=\"widget\" data-widget_type=\"heading.default\">\n\t\t\t\t<div class=\"elementor-widget-container\">\n\t\t\t\t\t<h5 class=\"elementor-heading-title elementor-size-default\">Klei Okamoto<\/h5>\t\t\t\t<\/div>\n\t\t\t\t<\/div>\n\t\t\t\t<div class=\"elementor-element elementor-element-20ec46d elementor-widget elementor-widget-heading\" data-id=\"20ec46d\" data-element_type=\"widget\" data-e-type=\"widget\" data-widget_type=\"heading.default\">\n\t\t\t\t<div class=\"elementor-widget-container\">\n\t\t\t\t\t<h6 class=\"elementor-heading-title elementor-size-default\">Founder and CEO<\/h6>\t\t\t\t<\/div>\n\t\t\t\t<\/div>\n\t\t\t\t\t<\/div>\n\t\t<\/div>\n\t\t\t\t\t<\/div>\n\t\t<\/section>\n\t\t\t\t<section class=\"elementor-section elementor-top-section elementor-element elementor-element-3050139 elementor-section-boxed elementor-section-height-default elementor-section-height-default\" data-id=\"3050139\" data-element_type=\"section\" data-e-type=\"section\">\n\t\t\t\t\t\t<div class=\"elementor-container elementor-column-gap-default\">\n\t\t\t\t\t<div class=\"elementor-column elementor-col-100 elementor-top-column elementor-element elementor-element-b90e986\" data-id=\"b90e986\" data-element_type=\"column\" data-e-type=\"column\">\n\t\t\t<div class=\"elementor-widget-wrap elementor-element-populated\">\n\t\t\t\t\t\t<section class=\"elementor-section elementor-inner-section elementor-element elementor-element-8465781 elementor-section-boxed elementor-section-height-default elementor-section-height-default\" data-id=\"8465781\" data-element_type=\"section\" data-e-type=\"section\">\n\t\t\t\t\t\t<div class=\"elementor-container elementor-column-gap-default\">\n\t\t\t\t\t<div class=\"elementor-column elementor-col-50 elementor-inner-column elementor-element elementor-element-722be29\" data-id=\"722be29\" data-element_type=\"column\" data-e-type=\"column\">\n\t\t\t<div class=\"elementor-widget-wrap\">\n\t\t\t\t\t\t\t<\/div>\n\t\t<\/div>\n\t\t\t\t<div class=\"elementor-column elementor-col-50 elementor-inner-column elementor-element elementor-element-6a8d193\" data-id=\"6a8d193\" data-element_type=\"column\" data-e-type=\"column\">\n\t\t\t<div class=\"elementor-widget-wrap\">\n\t\t\t\t\t\t\t<\/div>\n\t\t<\/div>\n\t\t\t\t\t<\/div>\n\t\t<\/section>\n\t\t\t\t\t<\/div>\n\t\t<\/div>\n\t\t\t\t\t<\/div>\n\t\t<\/section>\n\t\t\t\t<\/div>","protected":false},"excerpt":{"rendered":"<p>Quem somos O que visionamos Quem somos A Live Lessons Japan \u00e9 um empreendimento Takk Solutions Inc., empresa especializada em desenvolvimento de sistemas para educa\u00e7\u00e3o online. Live Lessons &#8211; Takk Solutions Inc. T 461-0001Aichi Ken Nagoya Shi Higashi Ku Izumi 3-17-10\u00a0Izumi Bldg 3F Telefones: 080-1937-6173 050-5273-3626 \u00a0 \u00a0 \u00a0 Apesar de termos nossa sede f\u00edsica &hellip;<\/p>\n<p class=\"read-more\"> <a class=\"\" href=\"https:\/\/live-lesson.jp\/en\/quem-somos\/\"> <span class=\"screen-reader-text\">About us<\/span> Read More &raquo;<\/a><\/p>","protected":false},"author":1,"featured_media":0,"parent":0,"menu_order":0,"comment_status":"closed","ping_status":"closed","template":"","meta":{"site-sidebar-layout":"no-sidebar","site-content-layout":"page-builder","ast-global-header-display":"","ast-main-header-display":"","ast-hfb-above-header-display":"","ast-hfb-below-header-display":"","ast-hfb-mobile-header-display":"","site-post-title":"disabled","ast-breadcrumbs-content":"disabled","ast-featured-img":"disabled","footer-sml-layout":"","theme-transparent-header-meta":"enabled","adv-header-id-meta":"","stick-header-meta":"","header-above-stick-meta":"","header-main-stick-meta":"","header-below-stick-meta":"","footnotes":""},"class_list":["post-733","page","type-page","status-publish","hentry"],"_links":{"self":[{"href":"https:\/\/live-lesson.jp\/en\/wp-json\/wp\/v2\/pages\/733","targetHints":{"allow":["GET"]}}],"collection":[{"href":"https:\/\/live-lesson.jp\/en\/wp-json\/wp\/v2\/pages"}],"about":[{"href":"https:\/\/live-lesson.jp\/en\/wp-json\/wp\/v2\/types\/page"}],"author":[{"embeddable":true,"href":"https:\/\/live-lesson.jp\/en\/wp-json\/wp\/v2\/users\/1"}],"replies":[{"embeddable":true,"href":"https:\/\/live-lesson.jp\/en\/wp-json\/wp\/v2\/comments?post=733"}],"version-history":[{"count":88,"href":"https:\/\/live-lesson.jp\/en\/wp-json\/wp\/v2\/pages\/733\/revisions"}],"predecessor-version":[{"id":2458,"href":"https:\/\/live-lesson.jp\/en\/wp-json\/wp\/v2\/pages\/733\/revisions\/2458"}],"wp:attachment":[{"href":"https:\/\/live-lesson.jp\/en\/wp-json\/wp\/v2\/media?parent=733"}],"curies":[{"name":"wp","href":"https:\/\/api.w.org\/{rel}","templated":true}]}}