{"id":2128,"date":"2022-09-23T20:23:46","date_gmt":"2022-09-23T11:23:46","guid":{"rendered":"https:\/\/live-lesson.jp\/?page_id=2128"},"modified":"2023-05-11T15:40:16","modified_gmt":"2023-05-11T06:40:16","slug":"formulario-de-matricula-enviado-com-sucesso","status":"publish","type":"page","link":"https:\/\/live-lesson.jp\/es\/formulario-de-matricula-enviado-com-sucesso\/","title":{"rendered":"Formul\u00e1rio de matr\u00edcula enviado com sucesso"},"content":{"rendered":"<div data-elementor-type=\"wp-page\" data-elementor-id=\"2128\" class=\"elementor elementor-2128\">\n\t\t\t\t\t\t<section class=\"elementor-section elementor-top-section elementor-element elementor-element-7875fb6 elementor-section-boxed elementor-section-height-default elementor-section-height-default\" data-id=\"7875fb6\" data-element_type=\"section\" data-e-type=\"section\" data-settings=\"{&quot;background_background&quot;:&quot;classic&quot;}\">\n\t\t\t\t\t\t\t<div class=\"elementor-background-overlay\"><\/div>\n\t\t\t\t\t\t\t<div class=\"elementor-container elementor-column-gap-no\">\n\t\t\t\t\t<div class=\"elementor-column elementor-col-100 elementor-top-column elementor-element elementor-element-2347df7\" data-id=\"2347df7\" data-element_type=\"column\" data-e-type=\"column\">\n\t\t\t<div class=\"elementor-widget-wrap\">\n\t\t\t\t\t\t\t<\/div>\n\t\t<\/div>\n\t\t\t\t\t<\/div>\n\t\t<\/section>\n\t\t\t\t<section class=\"elementor-section elementor-top-section elementor-element elementor-element-a7fb121 elementor-section-content-middle elementor-section-boxed elementor-section-height-default elementor-section-height-default\" data-id=\"a7fb121\" data-element_type=\"section\" data-e-type=\"section\">\n\t\t\t\t\t\t<div class=\"elementor-container elementor-column-gap-no\">\n\t\t\t\t\t<div class=\"elementor-column elementor-col-50 elementor-top-column elementor-element elementor-element-4f5897e\" data-id=\"4f5897e\" data-element_type=\"column\" data-e-type=\"column\">\n\t\t\t<div class=\"elementor-widget-wrap elementor-element-populated\">\n\t\t\t\t\t\t<div class=\"elementor-element elementor-element-0b95b30 elementor-widget__width-initial elementor-widget elementor-widget-heading\" data-id=\"0b95b30\" data-element_type=\"widget\" data-e-type=\"widget\" data-widget_type=\"heading.default\">\n\t\t\t\t<div class=\"elementor-widget-container\">\n\t\t\t\t\t<h3 class=\"elementor-heading-title elementor-size-default\">Formul\u00e1rio enviado com sucesso<\/h3>\t\t\t\t<\/div>\n\t\t\t\t<\/div>\n\t\t\t\t<div class=\"elementor-element elementor-element-fcebb89 elementor-widget-divider--separator-type-pattern elementor-widget-divider--view-line elementor-widget elementor-widget-divider\" data-id=\"fcebb89\" data-element_type=\"widget\" data-e-type=\"widget\" data-widget_type=\"divider.default\">\n\t\t\t\t<div class=\"elementor-widget-container\">\n\t\t\t\t\t\t\t<div class=\"elementor-divider\" style=\"--divider-pattern-url: url(&quot;data:image\/svg+xml,%3Csvg xmlns=&#039;http:\/\/www.w3.org\/2000\/svg&#039; preserveAspectRatio=&#039;none&#039; overflow=&#039;visible&#039; height=&#039;100%&#039; viewBox=&#039;0 0 24 24&#039; fill=&#039;black&#039; stroke=&#039;none&#039;%3E%3Cpolygon points=&#039;9.4,2 24,2 14.6,21.6 0,21.6&#039;\/%3E%3C\/svg%3E&quot;);\">\n\t\t\t<span class=\"elementor-divider-separator\">\n\t\t\t\t\t\t<\/span>\n\t\t<\/div>\n\t\t\t\t\t\t<\/div>\n\t\t\t\t<\/div>\n\t\t\t\t<div class=\"elementor-element elementor-element-576e6cc elementor-widget__width-initial elementor-widget elementor-widget-text-editor\" data-id=\"576e6cc\" data-element_type=\"widget\" data-e-type=\"widget\" data-widget_type=\"text-editor.default\">\n\t\t\t\t<div class=\"elementor-widget-container\">\n\t\t\t\t\t\t\t\t\t<p>Obrigado por preencher o formul\u00e1rio de matr\u00edcula.<br \/><br \/><\/p><p>Nos pondremos en contacto con usted (en un plazo de 24 horas) para confirmar sus datos y responder a cualquier pregunta que pueda tener antes de proceder a su inscripci\u00f3n.<\/p><p>\u00a0<\/p><p>Si no recibe respuesta en 24 horas, es probable que alg\u00fan dato (correo electr\u00f3nico, n\u00famero de tel\u00e9fono, etc.) se haya introducido incorrectamente al rellenar el formulario.<\/p><p>\u00a0<\/p><p>En ese caso, p\u00f3ngase de nuevo en contacto con nosotros.<\/p>\t\t\t\t\t\t\t\t<\/div>\n\t\t\t\t<\/div>\n\t\t\t\t\t<\/div>\n\t\t<\/div>\n\t\t\t\t<div class=\"elementor-column elementor-col-50 elementor-top-column elementor-element elementor-element-be5cd2a\" data-id=\"be5cd2a\" data-element_type=\"column\" data-e-type=\"column\" data-settings=\"{&quot;background_background&quot;:&quot;classic&quot;}\">\n\t\t\t<div class=\"elementor-widget-wrap elementor-element-populated\">\n\t\t\t\t\t\t<div class=\"elementor-element elementor-element-7635b41 elementor-widget elementor-widget-image\" data-id=\"7635b41\" data-element_type=\"widget\" data-e-type=\"widget\" data-widget_type=\"image.default\">\n\t\t\t\t<div class=\"elementor-widget-container\">\n\t\t\t\t\t\t\t\t\t\t\t\t\t\t\t<img fetchpriority=\"high\" decoding=\"async\" width=\"300\" height=\"168\" src=\"https:\/\/live-lesson.jp\/wp-content\/uploads\/2022\/02\/maneki-neko-gfe73c6095_1920-300x168.jpg\" class=\"attachment-medium size-medium wp-image-1948\" alt=\"\" srcset=\"https:\/\/live-lesson.jp\/wp-content\/uploads\/2022\/02\/maneki-neko-gfe73c6095_1920-300x168.jpg 300w, https:\/\/live-lesson.jp\/wp-content\/uploads\/2022\/02\/maneki-neko-gfe73c6095_1920-1024x575.jpg 1024w, https:\/\/live-lesson.jp\/wp-content\/uploads\/2022\/02\/maneki-neko-gfe73c6095_1920-768x431.jpg 768w, https:\/\/live-lesson.jp\/wp-content\/uploads\/2022\/02\/maneki-neko-gfe73c6095_1920-1536x862.jpg 1536w, https:\/\/live-lesson.jp\/wp-content\/uploads\/2022\/02\/maneki-neko-gfe73c6095_1920.jpg 1920w\" sizes=\"(max-width: 300px) 100vw, 300px\" \/>\t\t\t\t\t\t\t\t\t\t\t\t\t\t\t<\/div>\n\t\t\t\t<\/div>\n\t\t\t\t\t<\/div>\n\t\t<\/div>\n\t\t\t\t\t<\/div>\n\t\t<\/section>\n\t\t\t\t<\/div>","protected":false},"excerpt":{"rendered":"<p>Formul\u00e1rio enviado com sucesso Obrigado por preencher o formul\u00e1rio de matr\u00edcula. Entraremos em contato (dentro de 24 h) para confirmar os dados e esclarecer d\u00favidas antes de darmos prosseguimento com a matr\u00edcula. \u00a0 Caso n\u00e3o receba resposta dentro de 24 horas, provavelmente algum dado (e-mail, telefone, etc.) pode ter sido digitado errado durante o preenchimento &hellip;<\/p>\n<p class=\"read-more\"> <a class=\"\" href=\"https:\/\/live-lesson.jp\/es\/formulario-de-matricula-enviado-com-sucesso\/\"> <span class=\"screen-reader-text\">Formul\u00e1rio de matr\u00edcula enviado com sucesso<\/span> Leer m\u00e1s &raquo;<\/a><\/p>","protected":false},"author":1,"featured_media":0,"parent":0,"menu_order":0,"comment_status":"closed","ping_status":"closed","template":"","meta":{"site-sidebar-layout":"no-sidebar","site-content-layout":"page-builder","ast-global-header-display":"","ast-main-header-display":"","ast-hfb-above-header-display":"","ast-hfb-below-header-display":"","ast-hfb-mobile-header-display":"","site-post-title":"disabled","ast-breadcrumbs-content":"disabled","ast-featured-img":"disabled","footer-sml-layout":"","theme-transparent-header-meta":"enabled","adv-header-id-meta":"","stick-header-meta":"","header-above-stick-meta":"","header-main-stick-meta":"","header-below-stick-meta":"","footnotes":""},"class_list":["post-2128","page","type-page","status-publish","hentry"],"_links":{"self":[{"href":"https:\/\/live-lesson.jp\/es\/wp-json\/wp\/v2\/pages\/2128","targetHints":{"allow":["GET"]}}],"collection":[{"href":"https:\/\/live-lesson.jp\/es\/wp-json\/wp\/v2\/pages"}],"about":[{"href":"https:\/\/live-lesson.jp\/es\/wp-json\/wp\/v2\/types\/page"}],"author":[{"embeddable":true,"href":"https:\/\/live-lesson.jp\/es\/wp-json\/wp\/v2\/users\/1"}],"replies":[{"embeddable":true,"href":"https:\/\/live-lesson.jp\/es\/wp-json\/wp\/v2\/comments?post=2128"}],"version-history":[{"count":14,"href":"https:\/\/live-lesson.jp\/es\/wp-json\/wp\/v2\/pages\/2128\/revisions"}],"predecessor-version":[{"id":2289,"href":"https:\/\/live-lesson.jp\/es\/wp-json\/wp\/v2\/pages\/2128\/revisions\/2289"}],"wp:attachment":[{"href":"https:\/\/live-lesson.jp\/es\/wp-json\/wp\/v2\/media?parent=2128"}],"curies":[{"name":"wp","href":"https:\/\/api.w.org\/{rel}","templated":true}]}}