{"id":1152,"date":"2020-12-14T21:35:43","date_gmt":"2020-12-14T12:35:43","guid":{"rendered":"https:\/\/live-lesson.jp\/?page_id=1152"},"modified":"2022-02-27T17:52:34","modified_gmt":"2022-02-27T08:52:34","slug":"aula-de-reforco-escolar","status":"publish","type":"page","link":"https:\/\/live-lesson.jp\/ja\/aula-de-reforco-escolar\/","title":{"rendered":"\u30aa\u30f3\u30e9\u30a4\u30f3\u5bb6\u5ead\u6559\u5e2b"},"content":{"rendered":"<div data-elementor-type=\"wp-page\" data-elementor-id=\"1152\" class=\"elementor elementor-1152\">\n\t\t\t\t\t\t<section class=\"elementor-section elementor-top-section elementor-element elementor-element-6ff2ff7 elementor-section-boxed elementor-section-height-default elementor-section-height-default\" data-id=\"6ff2ff7\" data-element_type=\"section\" data-e-type=\"section\" data-settings=\"{&quot;background_background&quot;:&quot;classic&quot;}\">\n\t\t\t\t\t\t\t<div class=\"elementor-background-overlay\"><\/div>\n\t\t\t\t\t\t\t<div class=\"elementor-container elementor-column-gap-no\">\n\t\t\t\t\t<div class=\"elementor-column elementor-col-100 elementor-top-column elementor-element elementor-element-f7ad1cb\" data-id=\"f7ad1cb\" data-element_type=\"column\" data-e-type=\"column\">\n\t\t\t<div class=\"elementor-widget-wrap elementor-element-populated\">\n\t\t\t\t\t\t<div class=\"elementor-element elementor-element-bee4950 elementor-widget elementor-widget-heading\" data-id=\"bee4950\" data-element_type=\"widget\" data-e-type=\"widget\" data-widget_type=\"heading.default\">\n\t\t\t\t<div class=\"elementor-widget-container\">\n\t\t\t\t\t<h2 class=\"elementor-heading-title elementor-size-default\">\u30aa\u30f3\u30e9\u30a4\u30f3\u5bb6\u5ead\u6559\u5e2b<\/h2>\t\t\t\t<\/div>\n\t\t\t\t<\/div>\n\t\t\t\t\t<\/div>\n\t\t<\/div>\n\t\t\t\t\t<\/div>\n\t\t<\/section>\n\t\t\t\t<section class=\"elementor-section elementor-top-section elementor-element elementor-element-740b4a2 elementor-section-boxed elementor-section-height-default elementor-section-height-default\" data-id=\"740b4a2\" data-element_type=\"section\" data-e-type=\"section\" data-settings=\"{&quot;background_background&quot;:&quot;slideshow&quot;,&quot;background_slideshow_gallery&quot;:[],&quot;background_slideshow_loop&quot;:&quot;yes&quot;,&quot;background_slideshow_slide_duration&quot;:5000,&quot;background_slideshow_slide_transition&quot;:&quot;fade&quot;,&quot;background_slideshow_transition_duration&quot;:500}\">\n\t\t\t\t\t\t<div class=\"elementor-container elementor-column-gap-default\">\n\t\t\t\t\t<div class=\"elementor-column elementor-col-100 elementor-top-column elementor-element elementor-element-b70e6f3\" data-id=\"b70e6f3\" data-element_type=\"column\" data-e-type=\"column\">\n\t\t\t<div class=\"elementor-widget-wrap elementor-element-populated\">\n\t\t\t\t\t\t<div class=\"elementor-element elementor-element-91b74ea elementor-widget elementor-widget-heading\" data-id=\"91b74ea\" data-element_type=\"widget\" data-e-type=\"widget\" data-widget_type=\"heading.default\">\n\t\t\t\t<div class=\"elementor-widget-container\">\n\t\t\t\t\t<h4 class=\"elementor-heading-title elementor-size-default translation-block\">\u65e5\u672c\u306e\u5b66\u6821\u3084\u82f1\u8a9e\u570f\u3067\u5b66\u3076\u30d6\u30e9\u30b8\u30eb\u4eba\u306e\u305f\u3081\u306e\u30aa\u30f3\u30e9\u30a4\u30f3\u5bb6\u5ead\u6559\u5e2b\u3002<br><br>\u7d4c\u9a13\u8c4a\u5bcc\u306a\u30c8\u30ea\u30ea\u30f3\u30ac\u30eb\u306e\u6559\u5e2b\u304c\u3001\u304a\u5b50\u3055\u307e\u306e\u5b66\u6821\u306e\u52c9\u5f37\u3084\u8cea\u554f\u3001\u8a66\u9a13\u5bfe\u7b56\u306a\u3069\u3092\u30b5\u30dd\u30fc\u30c8\u3057\u307e\u3059\u3002<\/h4>\t\t\t\t<\/div>\n\t\t\t\t<\/div>\n\t\t\t\t\t<\/div>\n\t\t<\/div>\n\t\t\t\t\t<\/div>\n\t\t<\/section>\n\t\t\t\t<section class=\"elementor-section elementor-top-section elementor-element elementor-element-91d9127 elementor-section-boxed elementor-section-height-default elementor-section-height-default\" data-id=\"91d9127\" data-element_type=\"section\" data-e-type=\"section\">\n\t\t\t\t\t\t<div class=\"elementor-container elementor-column-gap-default\">\n\t\t\t\t\t<div class=\"elementor-column elementor-col-100 elementor-top-column elementor-element elementor-element-6ac41e9\" data-id=\"6ac41e9\" data-element_type=\"column\" data-e-type=\"column\">\n\t\t\t<div class=\"elementor-widget-wrap elementor-element-populated\">\n\t\t\t\t\t\t<section class=\"elementor-section elementor-inner-section elementor-element elementor-element-d468010 elementor-section-boxed elementor-section-height-default elementor-section-height-default\" data-id=\"d468010\" data-element_type=\"section\" data-e-type=\"section\" data-settings=\"{&quot;background_background&quot;:&quot;classic&quot;}\">\n\t\t\t\t\t\t\t<div class=\"elementor-background-overlay\"><\/div>\n\t\t\t\t\t\t\t<div class=\"elementor-container elementor-column-gap-default\">\n\t\t\t\t\t<div class=\"elementor-column elementor-col-50 elementor-inner-column elementor-element elementor-element-bdba3dd\" data-id=\"bdba3dd\" data-element_type=\"column\" data-e-type=\"column\" data-settings=\"{&quot;background_background&quot;:&quot;classic&quot;}\">\n\t\t\t<div class=\"elementor-widget-wrap elementor-element-populated\">\n\t\t\t\t\t\t<div class=\"elementor-element elementor-element-db58179 elementor-align-center elementor-mobile-align-left elementor-tablet-align-left elementor-widget elementor-widget-button\" data-id=\"db58179\" data-element_type=\"widget\" data-e-type=\"widget\" data-widget_type=\"button.default\">\n\t\t\t\t<div class=\"elementor-widget-container\">\n\t\t\t\t\t\t\t\t\t<div class=\"elementor-button-wrapper\">\n\t\t\t\t\t<a class=\"elementor-button elementor-button-link elementor-size-sm\" href=\"\/ja\/aula-experimental\/\">\n\t\t\t\t\t\t<span class=\"elementor-button-content-wrapper\">\n\t\t\t\t\t\t\t\t\t<span class=\"elementor-button-text\">\u5b9f\u9a13<\/span>\n\t\t\t\t\t<\/span>\n\t\t\t\t\t<\/a>\n\t\t\t\t<\/div>\n\t\t\t\t\t\t\t\t<\/div>\n\t\t\t\t<\/div>\n\t\t\t\t<div class=\"elementor-element elementor-element-d537cdd elementor-widget elementor-widget-shortcode\" data-id=\"d537cdd\" data-element_type=\"widget\" data-e-type=\"widget\" data-widget_type=\"shortcode.default\">\n\t\t\t\t<div class=\"elementor-widget-container\">\n\t\t\t\t\t\t\t<div class=\"elementor-shortcode\">Que tal fazer uma aula experimental por apenas \u00a5 1,000 ienes\u00a0( aprox. U$ 6 d\u00f3lares).\u00a0<\/div>\n\t\t\t\t\t\t<\/div>\n\t\t\t\t<\/div>\n\t\t\t\t\t<\/div>\n\t\t<\/div>\n\t\t\t\t<div class=\"elementor-column elementor-col-50 elementor-inner-column elementor-element elementor-element-82fb71c\" data-id=\"82fb71c\" data-element_type=\"column\" data-e-type=\"column\">\n\t\t\t<div class=\"elementor-widget-wrap elementor-element-populated\">\n\t\t\t\t\t\t<div class=\"elementor-element elementor-element-20ec46d elementor-widget elementor-widget-heading\" data-id=\"20ec46d\" data-element_type=\"widget\" data-e-type=\"widget\" data-widget_type=\"heading.default\">\n\t\t\t\t<div class=\"elementor-widget-container\">\n\t\t\t\t\t<h6 class=\"elementor-heading-title elementor-size-default\"><a href=\"\/ja\/matricula\/\">\u304a\u8a66\u3057\u306a\u3057\u3067\u3054\u5165\u4f1a\u3055\u308c\u305f\u5834\u5408\u3001\u30ec\u30c3\u30b9\u30f32\u56de\u5206\u304c\u7121\u6599\u306b\u306a\u308a\u307e\u3059\u3002<\/a><\/h6>\t\t\t\t<\/div>\n\t\t\t\t<\/div>\n\t\t\t\t<div class=\"elementor-element elementor-element-b0753bf elementor-align-center elementor-mobile-align-left elementor-tablet-align-left elementor-widget elementor-widget-button\" data-id=\"b0753bf\" data-element_type=\"widget\" data-e-type=\"widget\" data-widget_type=\"button.default\">\n\t\t\t\t<div class=\"elementor-widget-container\">\n\t\t\t\t\t\t\t\t\t<div class=\"elementor-button-wrapper\">\n\t\t\t\t\t<a class=\"elementor-button elementor-button-link elementor-size-sm\" href=\"\/ja\/matricula\/\">\n\t\t\t\t\t\t<span class=\"elementor-button-content-wrapper\">\n\t\t\t\t\t\t\t\t\t<span class=\"elementor-button-text\">\u767b\u9332\u3057\u305f\u3044<\/span>\n\t\t\t\t\t<\/span>\n\t\t\t\t\t<\/a>\n\t\t\t\t<\/div>\n\t\t\t\t\t\t\t\t<\/div>\n\t\t\t\t<\/div>\n\t\t\t\t\t<\/div>\n\t\t<\/div>\n\t\t\t\t\t<\/div>\n\t\t<\/section>\n\t\t\t\t\t<\/div>\n\t\t<\/div>\n\t\t\t\t\t<\/div>\n\t\t<\/section>\n\t\t\t\t<section class=\"elementor-section elementor-top-section elementor-element elementor-element-f873186 elementor-section-content-middle elementor-section-boxed elementor-section-height-default elementor-section-height-default\" data-id=\"f873186\" data-element_type=\"section\" data-e-type=\"section\" data-settings=\"{&quot;background_background&quot;:&quot;gradient&quot;}\">\n\t\t\t\t\t\t<div class=\"elementor-container elementor-column-gap-no\">\n\t\t\t\t\t<div class=\"elementor-column elementor-col-100 elementor-top-column elementor-element elementor-element-1e8e919\" data-id=\"1e8e919\" data-element_type=\"column\" data-e-type=\"column\">\n\t\t\t<div class=\"elementor-widget-wrap elementor-element-populated\">\n\t\t\t\t\t\t<div class=\"elementor-element elementor-element-da54622 elementor-widget-divider--separator-type-pattern elementor-widget-divider--view-line elementor-widget elementor-widget-divider\" data-id=\"da54622\" data-element_type=\"widget\" data-e-type=\"widget\" data-widget_type=\"divider.default\">\n\t\t\t\t<div class=\"elementor-widget-container\">\n\t\t\t\t\t\t\t<div class=\"elementor-divider\" style=\"--divider-pattern-url: url(&quot;data:image\/svg+xml,%3Csvg xmlns=&#039;http:\/\/www.w3.org\/2000\/svg&#039; preserveAspectRatio=&#039;none&#039; overflow=&#039;visible&#039; height=&#039;100%&#039; viewBox=&#039;0 0 24 24&#039; fill=&#039;black&#039; stroke=&#039;none&#039;%3E%3Cpolygon points=&#039;9.4,2 24,2 14.6,21.6 0,21.6&#039;\/%3E%3C\/svg%3E&quot;);\">\n\t\t\t<span class=\"elementor-divider-separator\">\n\t\t\t\t\t\t<\/span>\n\t\t<\/div>\n\t\t\t\t\t\t<\/div>\n\t\t\t\t<\/div>\n\t\t\t\t<div class=\"elementor-element elementor-element-cf39eb3 elementor-widget elementor-widget-text-editor\" data-id=\"cf39eb3\" data-element_type=\"widget\" data-e-type=\"widget\" data-widget_type=\"text-editor.default\">\n\t\t\t\t<div class=\"elementor-widget-container\">\n\t\t\t\t\t\t\t\t\t<p><span style=\"font-size: 1.66667rem; font-style: normal; font-weight: 600; white-space: pre-wrap; background-color: transparent;\">\u30aa\u30f3\u30e9\u30a4\u30f3\u5bb6\u5ead\u6559\u5e2b<\/span>\u00a0\u30a4\u30f3\u30bf\u30fc\u30cd\u30c3\u30c8\u7d4c\u7531<\/p><div><h3>\u305c\u3072\u304a\u8a66\u3057\u304f\u3060\u3055\u3044\u3002<\/h3><h4><span style=\"text-decoration: underline;\"><strong>\u6982\u8981<\/strong><\/span><\/h4><ul><li style=\"font-size: 15px;\">\u5b66\u6821\u3067\u306e\u52c9\u5f37\u304c\u3046\u307e\u304f\u3044\u304b\u305a\u3001\u4ed6\u306b\u884c\u304d\u5834\u306e\u306a\u3044\u304a\u5b50\u3055\u3093\u306f\u3044\u3089\u3063\u3057\u3083\u3044\u307e\u305b\u3093\u304b\uff1f<\/li><li style=\"font-size: 15px;\"><span style=\"font-size: 15px; background-color: transparent;\">\u6d77\u5916\u306b\u4f4f\u3080\u4f55\u5343\u4eba\u3082\u306e\u30d6\u30e9\u30b8\u30eb\u4eba\u306e\u5b50\u4f9b\u3084\u30c6\u30a3\u30fc\u30f3\u30a8\u30a4\u30b8\u30e3\u30fc\u304c\u3001\u5b66\u6821\u3067\u554f\u984c\u3092\u62b1\u3048\u3066\u3044\u307e\u3059\u3002\u304a\u305d\u3089\u304f\u3001\u8a00\u8a9e\u306e\u9055\u3044\u304b\u3089\u3001\u6559\u5e2b\u306e\u8aac\u660e\u304c\u751f\u5f92\u306b\u306f\u7406\u89e3\u3067\u304d\u306a\u304b\u3063\u305f\u306e\u3067\u3057\u3087\u3046\u3002\u00a0<\/span><\/li><li style=\"font-size: 15px;\"><p>\u65e5\u672c\u3067\u306f\u3001\u6700\u8fd1\u30d6\u30e9\u30b8\u30eb\u304b\u3089\u65e5\u672c\u306b\u79fb\u4f4f\u3057\u3066\u304d\u305f\u30d6\u30e9\u30b8\u30eb\u4eba\u306e\u5b50\u4f9b\u305f\u3061\u304c\u3001\u6388\u696d\u306b\u3064\u3044\u3066\u3044\u3051\u308b\u3060\u3051\u306e\u65e5\u672c\u8a9e\u3092\u77e5\u3089\u306a\u3044\u307e\u307e\u65e5\u672c\u306e\u5b66\u6821\u306b\u5165\u5b66\u3057\u3066\u304f\u308b\u3053\u3068\u304c\u591a\u3044\u3088\u3046\u3067\u3059\u3002\u4e00\u65e5\u4e2d\u65e5\u672c\u8a9e\u306e\u6388\u696d\u304c\u3042\u308b\u306e\u3060\u304b\u3089\u3001\u5b50\u3069\u3082\u304c\u65e5\u672c\u8a9e\u3092\u899a\u3048\u308b\u306e\u306f\u6642\u9593\u306e\u554f\u984c\u3060\u300d\u3068\u8003\u3048\u308b\u89aa\u3082\u5c11\u306a\u304f\u3042\u308a\u307e\u305b\u3093\u3002\u3057\u304b\u3057\u3001\u305d\u3053\u304c\u554f\u984c\u306a\u306e\u3067\u3059\u3002\u65e5\u672c\u306e\u5b66\u6821\u306b\u306f\u300c\u306b\u307b\u3093\u3054\u300d\uff08\u65e5\u672c\u8a9e\uff09\u3068\u3044\u3046\u3082\u306e\u304c\u306a\u3044\u306e\u3067\u3059\u3002<\/p><p>\u305d\u306e\u4ee3\u308f\u308a\u306b\u300c\u56fd\u8a9e\u300d\u3068\u3044\u3046\u79d1\u76ee\u304c\u3042\u308a\u307e\u3059\u3002\u00a0<\/p><p>\u3064\u307e\u308a\u3001\u4e21\u8005\u306f\u307e\u3063\u305f\u304f\u5225\u306e\u3082\u306e\u306a\u306e\u3067\u3059\u3002\u00a0<\/p><\/li><li style=\"font-size: 15px;\">\u65e5\u672c\u8a9e\u306f\u5916\u56fd\u4eba\uff08\u975e\u6bcd\u8a9e\u8a71\u8005\uff09\u306b\u65e5\u672c\u8a9e\u3092\u6559\u3048\u308b\u3053\u3068\u3092\u76ee\u7684\u3068\u3057\u3066\u3044\u307e\u3059\u3002\u3053\u306e\u5834\u5408\u3001\u4f7f\u7528\u3055\u308c\u308b\u65b9\u6cd5\u8ad6\u306f\u8a00\u8a9e\u3092\u6bd4\u8f03\u3057\u307e\u3059\u3002\u6587\u306e\u7d44\u307f\u7acb\u3066\u65b9\u3001\u6587\u306e\u307e\u3068\u3081\u65b9\u3001\u65b0\u3057\u3044\u5358\u8a9e\u3084\u6587\u6cd5\u69cb\u9020\u3092\u5b66\u3073\u307e\u3059\u3002<\/li><li style=\"font-size: 15px;\"><span style=\"font-size: 15px; background-color: transparent;\">\u4e00\u65b9\u3001\u56fd\u8a9e\u306f\u3001\u3059\u3067\u306b\u8a71\u3057\u65b9\u3001\u6587\u306e\u4f5c\u308a\u65b9\u3001\u8868\u73fe\u306e\u4ed5\u65b9\u306a\u3069\u3092\u77e5\u3063\u3066\u3044\u308b\u30cd\u30a4\u30c6\u30a3\u30d6\u30fb\u30b9\u30d4\u30fc\u30ab\u30fc\u3092\u5bfe\u8c61\u3068\u3057\u3066\u3044\u307e\u3059\u3002\u3067\u306f\u3001\u56fd\u8a9e\u306e\u7126\u70b9\u306f\u4f55\u3067\u3057\u3087\u3046\u304b\uff1f\u8aad\u89e3\u3068\u89e3\u91c8\u3067\u3059\u3002\u65e5\u672c\u4eba\u306f\u5e7c\u3044\u9803\u304b\u3089\u3001\u8aad\u3093\u3067\u5185\u5bb9\u3092\u7406\u89e3\u3059\u308b\uff08\u89e3\u91c8\u3059\u308b\uff09\u3053\u3068\u3092\u5b66\u3073\u307e\u3059\u3002\u305d\u306e\u305f\u3081\u306b\u306f\u3001\u66f8\u304f\u3053\u3068\uff08\u3072\u3089\u304c\u306a\u3001\u30ab\u30bf\u30ab\u30ca\u3001\u30ed\u30fc\u30de\u5b57\u3001\u6f22\u5b57\uff09\u306b\u52a0\u3048\u3066\u3001\u6b63\u3057\u304f\u8aad\u3093\u3067\u89e3\u91c8\u3059\u308b\u3053\u3068\u3092\u5b66\u3070\u306a\u3051\u308c\u3070\u306a\u308a\u307e\u305b\u3093\u3002<\/span><\/li><\/ul><p style=\"font-variant-numeric: inherit; font-variant-east-asian: inherit; font-stretch: inherit; line-height: 24px; font-family: Lato, sans-serif; font-size: 16px; font-style: normal; font-weight: 400; margin-bottom: 15px; color: #666666;\">\u304a\u5b50\u69d8\u3068\u4e00\u7dd2\u306b\u30aa\u30f3\u30e9\u30a4\u30f3\u30fb\u30a2\u30bb\u30b9\u30e1\u30f3\u30c8\u306e\u4f53\u9a13\u30ec\u30c3\u30b9\u30f3\u3092\u53d7\u3051\u3066\u307f\u3066\u304f\u3060\u3055\u3044\u3002<\/p><p style=\"font-variant-numeric: inherit; font-variant-east-asian: inherit; font-stretch: inherit; line-height: 24px; font-family: Lato, sans-serif; font-size: 16px; font-style: normal; font-weight: 400; margin-bottom: 15px; color: #666666;\">\u00a0<span style=\"font-size: 16px; font-style: normal; font-weight: 400; background-color: transparent;\">\u00a0<\/span><span style=\"color: #000000; font-family: Poppins, sans-serif; font-size: 15px; font-style: normal; font-weight: bold; white-space: pre-wrap; background-color: transparent;\">\u524d\u63d0\u6761\u4ef6 <\/span><\/p><p style=\"font-variant-numeric: inherit; font-variant-east-asian: inherit; font-stretch: inherit; line-height: 24px; font-family: Lato, sans-serif; font-size: 16px; font-style: normal; font-weight: 400; margin-bottom: 15px; color: #666666;\"><span style=\"color: #000000; font-family: Poppins, sans-serif; font-size: 15px; font-style: normal; white-space: pre-wrap; background-color: transparent;\">\u30dd\u30eb\u30c8\u30ac\u30eb\u8a9e\u3092\u8a71\u3057\u3001\u7406\u89e3\u3057\u3001\u65e5\u672c\u4eba\u5b66\u6821\u3001\u6d77\u5916\u306e\u30d6\u30e9\u30b8\u30eb\u4eba\u5b66\u6821\u3001\u82f1\u8a9e\u570f\u306e\u5b66\u6821\u3067\u5b66\u3073\u307e\u3057\u3087\u3046\u3002<\/span><\/p><p style=\"font-variant-numeric: inherit; font-variant-east-asian: inherit; font-stretch: inherit; line-height: 24px; font-family: Lato, sans-serif; font-size: 16px; font-style: normal; font-weight: 400; margin-bottom: 15px; color: #666666;\">\u00a0<\/p><\/div>\t\t\t\t\t\t\t\t<\/div>\n\t\t\t\t<\/div>\n\t\t\t\t<div class=\"elementor-element elementor-element-622e286 elementor-widget elementor-widget-heading\" data-id=\"622e286\" data-element_type=\"widget\" data-e-type=\"widget\" data-widget_type=\"heading.default\">\n\t\t\t\t<div class=\"elementor-widget-container\">\n\t\t\t\t\t<h6 class=\"elementor-heading-title elementor-size-default\"><p><strong>\u6700\u4f4e\u6761\u4ef6<\/strong><\/p><p>- \u30af\u30e9\u30c3\u30b7\u30e5\u3059\u308b\u3053\u3068\u306a\u304f\u30aa\u30f3\u30e9\u30a4\u30f3\u3067\u6620\u753b\u3092\u9451\u8cde\u3059\u308b\u306e\u306b\u5341\u5206\u306a\u901f\u5ea6\u306e\u30a4\u30f3\u30bf\u30fc\u30cd\u30c3\u30c8\u63a5\u7d9a<\/p><p>- \u30de\u30a4\u30af\u4ed8\u304d\u30d1\u30bd\u30b3\u30f3\uff08\u30a6\u30a7\u30d6\u30ab\u30e1\u30e9\u63a8\u5968\uff09\u3001\u30bf\u30d6\u30ec\u30c3\u30c8\u307e\u305f\u306f\u30b9\u30de\u30fc\u30c8\u30d5\u30a9\u30f3\uff08\u753b\u9762\u304c\u5927\u304d\u3044\u3082\u306e\uff09<\/p><p>- \u30d8\u30c3\u30c9\u30d5\u30a9\u30f3\uff08\u63a8\u5968\uff09<\/p><\/h6>\t\t\t\t<\/div>\n\t\t\t\t<\/div>\n\t\t\t\t\t<\/div>\n\t\t<\/div>\n\t\t\t\t\t<\/div>\n\t\t<\/section>\n\t\t\t\t<section class=\"elementor-section elementor-top-section elementor-element elementor-element-d01f0a4 elementor-section-boxed elementor-section-height-default elementor-section-height-default\" data-id=\"d01f0a4\" data-element_type=\"section\" data-e-type=\"section\">\n\t\t\t\t\t\t<div class=\"elementor-container elementor-column-gap-default\">\n\t\t\t\t\t<div class=\"elementor-column elementor-col-100 elementor-top-column elementor-element elementor-element-195e9ca\" data-id=\"195e9ca\" data-element_type=\"column\" data-e-type=\"column\">\n\t\t\t<div class=\"elementor-widget-wrap elementor-element-populated\">\n\t\t\t\t\t\t<section class=\"elementor-section elementor-inner-section elementor-element elementor-element-e02d9c8 elementor-section-boxed elementor-section-height-default elementor-section-height-default\" data-id=\"e02d9c8\" data-element_type=\"section\" data-e-type=\"section\" data-settings=\"{&quot;background_background&quot;:&quot;classic&quot;}\">\n\t\t\t\t\t\t\t<div class=\"elementor-background-overlay\"><\/div>\n\t\t\t\t\t\t\t<div class=\"elementor-container elementor-column-gap-default\">\n\t\t\t\t\t<div class=\"elementor-column elementor-col-50 elementor-inner-column elementor-element elementor-element-c94fd09\" data-id=\"c94fd09\" data-element_type=\"column\" data-e-type=\"column\" data-settings=\"{&quot;background_background&quot;:&quot;classic&quot;}\">\n\t\t\t<div class=\"elementor-widget-wrap elementor-element-populated\">\n\t\t\t\t\t\t<div class=\"elementor-element elementor-element-acfe9d0 elementor-align-center elementor-mobile-align-left elementor-tablet-align-left elementor-widget elementor-widget-button\" data-id=\"acfe9d0\" data-element_type=\"widget\" data-e-type=\"widget\" data-widget_type=\"button.default\">\n\t\t\t\t<div class=\"elementor-widget-container\">\n\t\t\t\t\t\t\t\t\t<div class=\"elementor-button-wrapper\">\n\t\t\t\t\t<a class=\"elementor-button elementor-button-link elementor-size-sm\" href=\"\/ja\/aula-experimental\/\">\n\t\t\t\t\t\t<span class=\"elementor-button-content-wrapper\">\n\t\t\t\t\t\t\t\t\t<span class=\"elementor-button-text\">\u5b9f\u9a13<\/span>\n\t\t\t\t\t<\/span>\n\t\t\t\t\t<\/a>\n\t\t\t\t<\/div>\n\t\t\t\t\t\t\t\t<\/div>\n\t\t\t\t<\/div>\n\t\t\t\t<div class=\"elementor-element elementor-element-2a754e9 elementor-widget elementor-widget-shortcode\" data-id=\"2a754e9\" data-element_type=\"widget\" data-e-type=\"widget\" data-widget_type=\"shortcode.default\">\n\t\t\t\t<div class=\"elementor-widget-container\">\n\t\t\t\t\t\t\t<div class=\"elementor-shortcode\">Que tal fazer uma aula experimental por apenas \u00a5 1,000 ienes\u00a0( aprox. U$ 6 d\u00f3lares).\u00a0<\/div>\n\t\t\t\t\t\t<\/div>\n\t\t\t\t<\/div>\n\t\t\t\t\t<\/div>\n\t\t<\/div>\n\t\t\t\t<div class=\"elementor-column elementor-col-50 elementor-inner-column elementor-element elementor-element-4e12fb9\" data-id=\"4e12fb9\" data-element_type=\"column\" data-e-type=\"column\">\n\t\t\t<div class=\"elementor-widget-wrap elementor-element-populated\">\n\t\t\t\t\t\t<div class=\"elementor-element elementor-element-cf23095 elementor-widget elementor-widget-heading\" data-id=\"cf23095\" data-element_type=\"widget\" data-e-type=\"widget\" data-widget_type=\"heading.default\">\n\t\t\t\t<div class=\"elementor-widget-container\">\n\t\t\t\t\t<h6 class=\"elementor-heading-title elementor-size-default\"><a href=\"\/ja\/matricula\/\">\u304a\u8a66\u3057\u306a\u3057\u3067\u3054\u5165\u4f1a\u3055\u308c\u305f\u5834\u5408\u3001\u30ec\u30c3\u30b9\u30f32\u56de\u5206\u304c\u7121\u6599\u306b\u306a\u308a\u307e\u3059\u3002<\/a><\/h6>\t\t\t\t<\/div>\n\t\t\t\t<\/div>\n\t\t\t\t<div class=\"elementor-element elementor-element-2e1aad5 elementor-align-center elementor-mobile-align-left elementor-tablet-align-left elementor-widget elementor-widget-button\" data-id=\"2e1aad5\" data-element_type=\"widget\" data-e-type=\"widget\" data-widget_type=\"button.default\">\n\t\t\t\t<div class=\"elementor-widget-container\">\n\t\t\t\t\t\t\t\t\t<div class=\"elementor-button-wrapper\">\n\t\t\t\t\t<a class=\"elementor-button elementor-button-link elementor-size-sm\" href=\"\/ja\/matricula\/\">\n\t\t\t\t\t\t<span class=\"elementor-button-content-wrapper\">\n\t\t\t\t\t\t\t\t\t<span class=\"elementor-button-text\">\u767b\u9332\u3057\u305f\u3044<\/span>\n\t\t\t\t\t<\/span>\n\t\t\t\t\t<\/a>\n\t\t\t\t<\/div>\n\t\t\t\t\t\t\t\t<\/div>\n\t\t\t\t<\/div>\n\t\t\t\t\t<\/div>\n\t\t<\/div>\n\t\t\t\t\t<\/div>\n\t\t<\/section>\n\t\t\t\t\t<\/div>\n\t\t<\/div>\n\t\t\t\t\t<\/div>\n\t\t<\/section>\n\t\t\t\t<\/div>","protected":false},"excerpt":{"rendered":"<p>Aulas Online de Refor\u00e7o Escolar Aulas Online de Refor\u00e7o Escolar para Brasileirinhos que estudam em escolas japonesas ou em pa\u00edses de l\u00edngua inglesa. Professores tril\u00edngues capacitados e experientes, prontos para ensinar e ajudar seus filhos em suas tarefas escolares, d\u00favidas e prepar\u00e1-los para provas. Experimentar Que tal fazer uma aula experimental por apenas \u00a5 1,000 ienes\u00a0( aprox. U$ d\u00f3lares).\u00a0 Ganhe 2 aulas brinde ao se matricular sem experimentar Quero me matricular Aulas Online de Refor\u00e7o Escolar\u00a0pela Internet Experimente e veja a diferen\u00e7a Vis\u00e3o Geral Seus filhos est\u00e3o com dificuldade na escola e n\u00e3o t\u00eam a quem recorrer? Milhares de crian\u00e7as e adolescentes, filhos de Brasileiros que residem fora do Brasil, &hellip;<\/p>\n<p class=\"read-more\"> <a class=\"\" href=\"https:\/\/live-lesson.jp\/ja\/aula-de-reforco-escolar\/\"> <span class=\"screen-reader-text\">\u30aa\u30f3\u30e9\u30a4\u30f3\u5bb6\u5ead\u6559\u5e2b<\/span> \u3082\u3063\u3068\u8aad\u3080 &raquo;<\/a><\/p>","protected":false},"author":1,"featured_media":0,"parent":0,"menu_order":0,"comment_status":"closed","ping_status":"closed","template":"","meta":{"site-sidebar-layout":"no-sidebar","site-content-layout":"page-builder","ast-global-header-display":"","ast-main-header-display":"","ast-hfb-above-header-display":"","ast-hfb-below-header-display":"","ast-hfb-mobile-header-display":"","site-post-title":"disabled","ast-breadcrumbs-content":"disabled","ast-featured-img":"disabled","footer-sml-layout":"","theme-transparent-header-meta":"enabled","adv-header-id-meta":"","stick-header-meta":"","header-above-stick-meta":"","header-main-stick-meta":"","header-below-stick-meta":"","footnotes":""},"class_list":["post-1152","page","type-page","status-publish","hentry"],"_links":{"self":[{"href":"https:\/\/live-lesson.jp\/ja\/wp-json\/wp\/v2\/pages\/1152","targetHints":{"allow":["GET"]}}],"collection":[{"href":"https:\/\/live-lesson.jp\/ja\/wp-json\/wp\/v2\/pages"}],"about":[{"href":"https:\/\/live-lesson.jp\/ja\/wp-json\/wp\/v2\/types\/page"}],"author":[{"embeddable":true,"href":"https:\/\/live-lesson.jp\/ja\/wp-json\/wp\/v2\/users\/1"}],"replies":[{"embeddable":true,"href":"https:\/\/live-lesson.jp\/ja\/wp-json\/wp\/v2\/comments?post=1152"}],"version-history":[{"count":44,"href":"https:\/\/live-lesson.jp\/ja\/wp-json\/wp\/v2\/pages\/1152\/revisions"}],"predecessor-version":[{"id":1968,"href":"https:\/\/live-lesson.jp\/ja\/wp-json\/wp\/v2\/pages\/1152\/revisions\/1968"}],"wp:attachment":[{"href":"https:\/\/live-lesson.jp\/ja\/wp-json\/wp\/v2\/media?parent=1152"}],"curies":[{"name":"wp","href":"https:\/\/api.w.org\/{rel}","templated":true}]}}